{"id":1491,"date":"2021-10-04T06:55:34","date_gmt":"2021-10-04T06:55:34","guid":{"rendered":"https:\/\/www.derivadoscitricos.com\/empresa\/"},"modified":"2022-03-29T09:59:33","modified_gmt":"2022-03-29T09:59:33","slug":"entreprise","status":"publish","type":"page","link":"https:\/\/www.derivadoscitricos.com\/fr\/entreprise\/","title":{"rendered":"Entreprise"},"content":{"rendered":"\n<div class=\"content bmb--xl\" >\n\t\t\t\n<div class=\"page_header\">\n\t<div class=\"page_header__bg\">\n\t\t<img decoding=\"async\" src=\"https:\/\/www.derivadoscitricos.com\/wp-content\/uploads\/2021\/10\/cabecera.jpg\">\n\t<\/div>\n\n\t<div class=\"page_header__title\">\n\t\t\n\t<\/div>\n\n<\/div>\n\n\t<\/div>\n\n\n\n\n<div class=\"content mb-md bmb--xs gs-fade-up\" >\n\t\t\t<div class=\"container\">\n\t\t\t\n\n<div class=\"row   \">\n\t\n\n\t<div class=\"column col-12 col-md-12 col-xl-6\">\n\t\t\n\n<h1 class=\"wp-block-heading\" id=\"nuestra-historia\"><strong>Notre Histoire<\/strong><\/h1>\n\n\n\n<p>Notre situation privil\u00e9gi\u00e9e dans la r\u00e9gion de Murcie, <strong>la premi\u00e8re productrice de citrons<\/strong> <strong>d\u2019Europe<\/strong>, associ\u00e9e \u00e0 une installation compl\u00e8te pour le traitement industriel des agrumes et \u00e0 l\u2019expertise de notre personnel, nous permet de transformer et d\u2019obtenir la plus large gamme de produits d\u00e9riv\u00e9s des agrumes.<\/p>\n\n\n\t<\/div>\n\n\n\n\t<div class=\"column col-12 col-md-12 col-xl-6\">\n\t\t\n\n<p>Depuis sa fondation en 1987 \u00ab&nbsp;Derivados Citricos, S. A&nbsp;\u00bb a travers\u00e9 diff\u00e9rentes \u00e9tapes, sans jamais perdre son identit\u00e9 et son objectif d\u2019offrir \u00e0 nos clients la meilleure qualit\u00e9 et l\u2019excellence commerciale.<br><br><\/p>\n\n\n\n<p>Depuis lors, elle a connu une forte croissance tant en termes d\u2019installations qu\u2019en termes de ressources humaines. Notre si\u00e8ge est situ\u00e9 sur une superficie de 15. 000 m2 dans la plus grande zone industrielle de la R\u00e9gion de Murcie.<\/p>\n\n\n\t<\/div>\n\n\n<\/div>\n\n\t\t\t<\/div>\n\t<\/div>\n\n\n\n\n<div class=\"content mb-md bmb--xl gs-reveal\" >\n\t\t\t<div class=\"container\">\n\t\t\t\n\n<div class=\"row   \">\n\t\n\n\t<div class=\"column col-12 col-md-6 col-xl-1\">\n\t\t\n\t<\/div>\n\n\n\n\t<div class=\"column col-12 col-md-6 col-xl-10\">\n\t\t\n\n<div class=\"video\">\n\t\t<!-- <div id=\"block_6193746a101ca\" class=\"video-plyr\" data-plyr-provider=\"youtube\" data-plyr-embed-id=\"SelIslwsFEk\"><\/div> -->\n\n\t\t<div class=\"youtube-player\" data-id=\"SelIslwsFEk\" data-related=\"0\" data-control=\"1\" data-info=\"0\" data-fullscreen=\"1\"><img decoding=\"async\" class=\"placeholder\" src=\"https:\/\/www.derivadoscitricos.com\/wp-content\/uploads\/2022\/03\/caratula-video-empresa.png\">\n\t\t\t<div class=\"play-button\"><\/div>\n\t\t<\/div>\n<\/div>\n\n\t<\/div>\n\n\n\n\t<div class=\"column col-12 col-md-6 col-xl-1\">\n\t\t\n\t<\/div>\n\n\n<\/div>\n\n\t\t\t<\/div>\n\t<\/div>\n\n\n\n\n<div class=\"content bmb--xl\" >\n\t\t\t<div class=\"container\">\n\t\t\t\n\n<div id=\"block_615ae543badf8\" class=\"timeline\">\n\t<div class=\"row\">\n\t\t\n\t\t<div class=\"col-12 col-xl-1\"><\/div>\n\t\t<div class=\"col-12 col-xl-10\">\n\t\t\t\t\t\t\t\t\t<div class=\"timeline__wrapper\">\n\t\t\t\t<div class=\"timeline__left\"><img decoding=\"async\" class=\"placeholder\" src=\"https:\/\/www.derivadoscitricos.com\/wp-content\/uploads\/2021\/10\/1987.svg\" alt=\"\"><\/div>\n\t\t\t\t<div class=\"timeline__center\">\n\t\t\t\t\t<div class=\"circle\"><img decoding=\"async\" src=\"https:\/\/www.derivadoscitricos.com\/wp-content\/themes\/derivados\/assets\/images\/circle.svg\" ><\/div>\n\t\t\t\t<\/div>\n\t\t\t\t<div class=\"timeline__right\">\n\t\t\t\t\t<span class=\"date\">1987<\/span>\n\t\t\t\t\t<span class=\"text\">Cr\u00e9ation de l\u2019entreprise<\/span>\n\t\t\t\t<\/div>\n\t\t\t<\/div>\n\n\t\t\t\t\t\t\t\t\t<div class=\"timeline__wrapper\">\n\t\t\t\t<div class=\"timeline__left\"><img decoding=\"async\" class=\"placeholder\" src=\"https:\/\/www.derivadoscitricos.com\/wp-content\/uploads\/2021\/10\/timeline_solimon.svg\" alt=\"\"><\/div>\n\t\t\t\t<div class=\"timeline__center\">\n\t\t\t\t\t<div class=\"circle\"><img decoding=\"async\" src=\"https:\/\/www.derivadoscitricos.com\/wp-content\/themes\/derivados\/assets\/images\/circle.svg\" ><\/div>\n\t\t\t\t<\/div>\n\t\t\t\t<div class=\"timeline__right\">\n\t\t\t\t\t<span class=\"date\">1996<\/span>\n\t\t\t\t\t<span class=\"text\">\u00ab Derivados C\u00edtricos \u00bb d\u00e9pose la marque SOLIMON<\/span>\n\t\t\t\t<\/div>\n\t\t\t<\/div>\n\n\t\t\t\t\t\t\t\t\t<div class=\"timeline__wrapper\">\n\t\t\t\t<div class=\"timeline__left\"><img decoding=\"async\" class=\"placeholder\" src=\"https:\/\/www.derivadoscitricos.com\/wp-content\/uploads\/2021\/10\/carrito.svg\" alt=\"\"><\/div>\n\t\t\t\t<div class=\"timeline__center\">\n\t\t\t\t\t<div class=\"circle\"><img decoding=\"async\" src=\"https:\/\/www.derivadoscitricos.com\/wp-content\/themes\/derivados\/assets\/images\/circle.svg\" ><\/div>\n\t\t\t\t<\/div>\n\t\t\t\t<div class=\"timeline__right\">\n\t\t\t\t\t<span class=\"date\">2002<\/span>\n\t\t\t\t\t<span class=\"text\">\u00ab Solimon \u00bb est pr\u00e9sent dans les principales cha\u00eenes de supermarch\u00e9s en Espagne.<\/span>\n\t\t\t\t<\/div>\n\t\t\t<\/div>\n\n\t\t\t\t\t\t\t\t\t<div class=\"timeline__wrapper\">\n\t\t\t\t<div class=\"timeline__left\"><img decoding=\"async\" class=\"placeholder\" src=\"https:\/\/www.derivadoscitricos.com\/wp-content\/uploads\/2021\/10\/maquina.svg\" alt=\"\"><\/div>\n\t\t\t\t<div class=\"timeline__center\">\n\t\t\t\t\t<div class=\"circle\"><img decoding=\"async\" src=\"https:\/\/www.derivadoscitricos.com\/wp-content\/themes\/derivados\/assets\/images\/circle.svg\" ><\/div>\n\t\t\t\t<\/div>\n\t\t\t\t<div class=\"timeline__right\">\n\t\t\t\t\t<span class=\"date\">2008<\/span>\n\t\t\t\t\t<span class=\"text\">Ach\u00e8vement des nouvelles installations d\u2019embouteillage de jus, doublant notre capacit\u00e9 de production.<\/span>\n\t\t\t\t<\/div>\n\t\t\t<\/div>\n\n\t\t\t\t\t\t\t\t\t<div class=\"timeline__wrapper\">\n\t\t\t\t<div class=\"timeline__left\"><img decoding=\"async\" class=\"placeholder\" src=\"https:\/\/www.derivadoscitricos.com\/wp-content\/uploads\/2021\/10\/logos.svg\" alt=\"\"><\/div>\n\t\t\t\t<div class=\"timeline__center\">\n\t\t\t\t\t<div class=\"circle\"><img decoding=\"async\" src=\"https:\/\/www.derivadoscitricos.com\/wp-content\/themes\/derivados\/assets\/images\/circle.svg\" ><\/div>\n\t\t\t\t<\/div>\n\t\t\t\t<div class=\"timeline__right\">\n\t\t\t\t\t<span class=\"date\">2009<\/span>\n\t\t\t\t\t<span class=\"text\">\u00ab Derivados Citricos \u00bb lance sa nouvelle gamme de produits LIMASOL, citron vert press\u00e9. Enregistrement de nos marques internationales QuickLemon et Quicklime. Nous obtenons la certification de qualit\u00e9 IFS.<\/span>\n\t\t\t\t<\/div>\n\t\t\t<\/div>\n\n\t\t\t\t\t\t\t\t\t<div class=\"timeline__wrapper\">\n\t\t\t\t<div class=\"timeline__left\"><img decoding=\"async\" class=\"placeholder\" src=\"https:\/\/www.derivadoscitricos.com\/wp-content\/uploads\/2021\/10\/world.svg\" alt=\"\"><\/div>\n\t\t\t\t<div class=\"timeline__center\">\n\t\t\t\t\t<div class=\"circle\"><img decoding=\"async\" src=\"https:\/\/www.derivadoscitricos.com\/wp-content\/themes\/derivados\/assets\/images\/circle.svg\" ><\/div>\n\t\t\t\t<\/div>\n\t\t\t\t<div class=\"timeline__right\">\n\t\t\t\t\t<span class=\"date\">2013<\/span>\n\t\t\t\t\t<span class=\"text\">Internationalisation de la soci\u00e9t\u00e9 &#8230; Les ventes internationales d\u00e9passent les ventes nationales.<\/span>\n\t\t\t\t<\/div>\n\t\t\t<\/div>\n\n\t\t\t\t\t\t\t\t\t<div class=\"timeline__wrapper\">\n\t\t\t\t<div class=\"timeline__left\"><img decoding=\"async\" class=\"placeholder\" src=\"https:\/\/www.derivadoscitricos.com\/wp-content\/uploads\/2021\/11\/2014.svg\" alt=\"\"><\/div>\n\t\t\t\t<div class=\"timeline__center\">\n\t\t\t\t\t<div class=\"circle\"><img decoding=\"async\" src=\"https:\/\/www.derivadoscitricos.com\/wp-content\/themes\/derivados\/assets\/images\/circle.svg\" ><\/div>\n\t\t\t\t<\/div>\n\t\t\t\t<div class=\"timeline__right\">\n\t\t\t\t\t<span class=\"date\">2014<\/span>\n\t\t\t\t\t<span class=\"text\">Ach\u00e8vement des nouveaux bureaux, laboratoire et vestiaires.<\/span>\n\t\t\t\t<\/div>\n\t\t\t<\/div>\n\n\t\t\t\t\t\t\t\t\t<div class=\"timeline__wrapper\">\n\t\t\t\t<div class=\"timeline__left\"><img decoding=\"async\" class=\"placeholder\" src=\"https:\/\/www.derivadoscitricos.com\/wp-content\/uploads\/2021\/11\/2016.svg\" alt=\"\"><\/div>\n\t\t\t\t<div class=\"timeline__center\">\n\t\t\t\t\t<div class=\"circle\"><img decoding=\"async\" src=\"https:\/\/www.derivadoscitricos.com\/wp-content\/themes\/derivados\/assets\/images\/circle.svg\" ><\/div>\n\t\t\t\t<\/div>\n\t\t\t\t<div class=\"timeline__right\">\n\t\t\t\t\t<span class=\"date\">2016<\/span>\n\t\t\t\t\t<span class=\"text\">SOLIMON est num\u00e9ro un des ventes nationales.<\/span>\n\t\t\t\t<\/div>\n\t\t\t<\/div>\n\n\t\t\t\t\t\t\t\t\t<div class=\"timeline__wrapper\">\n\t\t\t\t<div class=\"timeline__left\"><img decoding=\"async\" class=\"placeholder\" src=\"https:\/\/www.derivadoscitricos.com\/wp-content\/uploads\/2021\/11\/2017.svg\" alt=\"\"><\/div>\n\t\t\t\t<div class=\"timeline__center\">\n\t\t\t\t\t<div class=\"circle\"><img decoding=\"async\" src=\"https:\/\/www.derivadoscitricos.com\/wp-content\/themes\/derivados\/assets\/images\/circle.svg\" ><\/div>\n\t\t\t\t<\/div>\n\t\t\t\t<div class=\"timeline__right\">\n\t\t\t\t\t<span class=\"date\">2017<\/span>\n\t\t\t\t\t<span class=\"text\">Obtention de la certification de qualit\u00e9 BRC<\/span>\n\t\t\t\t<\/div>\n\t\t\t<\/div>\n\n\t\t\t\t\t\t\t\t\t<div class=\"timeline__wrapper\">\n\t\t\t\t<div class=\"timeline__left\"><img decoding=\"async\" class=\"placeholder\" src=\"https:\/\/www.derivadoscitricos.com\/wp-content\/uploads\/2021\/11\/2020.svg\" alt=\"\"><\/div>\n\t\t\t\t<div class=\"timeline__center\">\n\t\t\t\t\t<div class=\"circle\"><img decoding=\"async\" src=\"https:\/\/www.derivadoscitricos.com\/wp-content\/themes\/derivados\/assets\/images\/circle.svg\" ><\/div>\n\t\t\t\t<\/div>\n\t\t\t\t<div class=\"timeline__right\">\n\t\t\t\t\t<span class=\"date\">2020<\/span>\n\t\t\t\t\t<span class=\"text\">Conform\u00e9ment \u00e0 notre engagement en faveur de l\u2019environnement, nous avons install\u00e9 une nouvelle station d\u2019\u00e9puration des eaux us\u00e9es.<\/span>\n\t\t\t\t<\/div>\n\t\t\t<\/div>\n\n\t\t\t\t\t\t<div class=\"line\"><\/div>\n\t\t<\/div>\n\t\t<div class=\"col-12 col-xl-1\"><\/div>\n\t<\/div>\n<\/div>\n\n\t\t\t<\/div>\n\t<\/div>\n\n\n\n\n<div class=\"content bmb--md\" >\n\t\t\t<div class=\"container\">\n\t\t\t\n\n<div class=\"row   \">\n\t\n\n\t<div class=\"column col-12 col-md-6 col-xl-6 gs-fade-left\">\n\t\t\n\n<h2 class=\"wp-block-heading\" id=\"instalaciones-ycapacidad-deproduccion\"><strong>Installations <\/strong><br><strong>et capacit\u00e9 <\/strong><br><strong>de production<\/strong><\/h2>\n\n\n\t<\/div>\n\n\n\n\t<div class=\"column col-12 col-md-6 col-xl-6 gs-fade-right\">\n\t\t\n\n<p><\/p>\n\n\n\t<\/div>\n\n\n<\/div>\n\n\t\t\t<\/div>\n\t<\/div>\n\n\n\n\n<div class=\"content mb-xl bmb--xl\" >\n\t\t\t\n\n<div class=\"slider  \">\n\t<div id=\"block_615bf61c24668\" class=\"swiper slider\">\n\t\t<div class=\"swiper-wrapper\">\n\t\t\t\n\n<div class=\"swiper-slide\">\n\t<div class=\"slide\">\n\t\t\t\t\t\t<div class=\"slide__bg\">\n\t\t\t\t<img decoding=\"async\" src=\"https:\/\/www.derivadoscitricos.com\/wp-content\/uploads\/2021\/10\/slider2.jpg\">\n\t\t\t<\/div>\n\t\t\t\t\t\t<div class=\"container slide__content\">\n\t\t\t\t\t\t\t\t\t\t\t\t\t<\/div>\n\t<\/div>\n<\/div>\n\n\n<div class=\"swiper-slide\">\n\t<div class=\"slide\">\n\t\t\t\t\t\t<div class=\"slide__bg\">\n\t\t\t\t<img decoding=\"async\" src=\"https:\/\/www.derivadoscitricos.com\/wp-content\/uploads\/2022\/02\/derivados-178-citricos-2da-ses-2.png\">\n\t\t\t<\/div>\n\t\t\t\t\t\t<div class=\"container slide__content\">\n\t\t\t\t\t\t\t\t\t\t\t\t\t<\/div>\n\t<\/div>\n<\/div>\n\n\n<div class=\"swiper-slide\">\n\t<div class=\"slide\">\n\t\t\t\t\t\t<div class=\"slide__bg\">\n\t\t\t\t<img decoding=\"async\" src=\"https:\/\/www.derivadoscitricos.com\/wp-content\/uploads\/2022\/02\/derivados-178-citricos-2da-ses-3.png\">\n\t\t\t<\/div>\n\t\t\t\t\t\t<div class=\"container slide__content\">\n\t\t\t\t\t\t\t\t\t\t\t\t\t<\/div>\n\t<\/div>\n<\/div>\n\n\n<div class=\"swiper-slide\">\n\t<div class=\"slide\">\n\t\t\t\t\t\t<div class=\"slide__bg\">\n\t\t\t\t<img decoding=\"async\" src=\"https:\/\/www.derivadoscitricos.com\/wp-content\/uploads\/2022\/02\/derivados-178-citricos-2da-ses-4.png\">\n\t\t\t<\/div>\n\t\t\t\t\t\t<div class=\"container slide__content\">\n\t\t\t\t\t\t\t\t\t\t\t\t\t<\/div>\n\t<\/div>\n<\/div>\n\n\n<div class=\"swiper-slide\">\n\t<div class=\"slide\">\n\t\t\t\t\t\t<div class=\"slide__bg\">\n\t\t\t\t<img decoding=\"async\" src=\"https:\/\/www.derivadoscitricos.com\/wp-content\/uploads\/2022\/02\/derivados-178-citricos-2da-ses-5.png\">\n\t\t\t<\/div>\n\t\t\t\t\t\t<div class=\"container slide__content\">\n\t\t\t\t\t\t\t\t\t\t\t\t\t<\/div>\n\t<\/div>\n<\/div>\n\n\n<div class=\"swiper-slide\">\n\t<div class=\"slide\">\n\t\t\t\t\t\t<div class=\"slide__bg\">\n\t\t\t\t<img decoding=\"async\" src=\"https:\/\/www.derivadoscitricos.com\/wp-content\/uploads\/2022\/02\/derivados-178-citricos-2da-ses-8.png\">\n\t\t\t<\/div>\n\t\t\t\t\t\t<div class=\"container slide__content\">\n\t\t\t\t\t\t\t\t\t\t\t\t\t<\/div>\n\t<\/div>\n<\/div>\n\n\n<div class=\"swiper-slide\">\n\t<div class=\"slide\">\n\t\t\t\t\t\t<div class=\"slide__bg\">\n\t\t\t\t<img decoding=\"async\" src=\"https:\/\/www.derivadoscitricos.com\/wp-content\/uploads\/2022\/02\/derivados-178-citricos-2da-ses-7.png\">\n\t\t\t<\/div>\n\t\t\t\t\t\t<div class=\"container slide__content\">\n\t\t\t\t\t\t\t\t\t\t\t\t\t<\/div>\n\t<\/div>\n<\/div>\n\n\n<div class=\"swiper-slide\">\n\t<div class=\"slide\">\n\t\t\t\t\t\t<div class=\"slide__bg\">\n\t\t\t\t<img decoding=\"async\" src=\"https:\/\/www.derivadoscitricos.com\/wp-content\/uploads\/2022\/02\/derivados-178-citricos-2da-ses-6.png\">\n\t\t\t<\/div>\n\t\t\t\t\t\t<div class=\"container slide__content\">\n\t\t\t\t\t\t\t\t\t\t\t\t\t<\/div>\n\t<\/div>\n<\/div>\n\n\t\t<\/div>\n\t\t<div class=\"slider-button-next\"><\/div>\n\t\t<div class=\"slider-button-prev\"><\/div>\n\t\t<div class=\"swiper-pagination\"><\/div>\n\t<\/div>\n<\/div>\n\n\n\n\t<\/div>\n\n\n\n\n<div class=\"content\" >\n\t\t\t<div class=\"container\">\n\t\t\t\n\t\t\t<\/div>\n\t<\/div>\n\n","protected":false},"excerpt":{"rendered":"","protected":false},"author":7,"featured_media":0,"parent":0,"menu_order":0,"comment_status":"closed","ping_status":"closed","template":"","meta":{"_acf_changed":false,"footnotes":""},"class_list":["post-1491","page","type-page","status-publish","hentry"],"acf":[],"yoast_head":"<!-- This site is optimized with the Yoast SEO plugin v27.4 - https:\/\/yoast.com\/product\/yoast-seo-wordpress\/ -->\n<title>Entreprise - Derivados citricos<\/title>\n<meta name=\"robots\" content=\"index, follow, max-snippet:-1, max-image-preview:large, max-video-preview:-1\" \/>\n<link rel=\"canonical\" href=\"https:\/\/www.derivadoscitricos.com\/fr\/entreprise\/\" \/>\n<meta property=\"og:locale\" content=\"fr_FR\" \/>\n<meta property=\"og:type\" content=\"article\" \/>\n<meta property=\"og:title\" content=\"Entreprise - Derivados citricos\" \/>\n<meta property=\"og:url\" content=\"https:\/\/www.derivadoscitricos.com\/fr\/entreprise\/\" \/>\n<meta property=\"og:site_name\" content=\"Derivados citricos\" \/>\n<meta property=\"article:modified_time\" content=\"2022-03-29T09:59:33+00:00\" \/>\n<meta name=\"twitter:card\" content=\"summary_large_image\" \/>\n<meta name=\"twitter:label1\" content=\"Dur\u00e9e de lecture estim\u00e9e\" \/>\n\t<meta name=\"twitter:data1\" content=\"1 minute\" \/>\n<script type=\"application\/ld+json\" class=\"yoast-schema-graph\">{\"@context\":\"https:\\\/\\\/schema.org\",\"@graph\":[{\"@type\":\"WebPage\",\"@id\":\"https:\\\/\\\/www.derivadoscitricos.com\\\/fr\\\/entreprise\\\/\",\"url\":\"https:\\\/\\\/www.derivadoscitricos.com\\\/fr\\\/entreprise\\\/\",\"name\":\"Entreprise - Derivados citricos\",\"isPartOf\":{\"@id\":\"https:\\\/\\\/www.derivadoscitricos.com\\\/fr\\\/#website\"},\"datePublished\":\"2021-10-04T06:55:34+00:00\",\"dateModified\":\"2022-03-29T09:59:33+00:00\",\"breadcrumb\":{\"@id\":\"https:\\\/\\\/www.derivadoscitricos.com\\\/fr\\\/entreprise\\\/#breadcrumb\"},\"inLanguage\":\"fr-FR\",\"potentialAction\":[{\"@type\":\"ReadAction\",\"target\":[\"https:\\\/\\\/www.derivadoscitricos.com\\\/fr\\\/entreprise\\\/\"]}]},{\"@type\":\"BreadcrumbList\",\"@id\":\"https:\\\/\\\/www.derivadoscitricos.com\\\/fr\\\/entreprise\\\/#breadcrumb\",\"itemListElement\":[{\"@type\":\"ListItem\",\"position\":1,\"name\":\"Portada\",\"item\":\"https:\\\/\\\/www.derivadoscitricos.com\\\/fr\\\/\"},{\"@type\":\"ListItem\",\"position\":2,\"name\":\"Entreprise\"}]},{\"@type\":\"WebSite\",\"@id\":\"https:\\\/\\\/www.derivadoscitricos.com\\\/fr\\\/#website\",\"url\":\"https:\\\/\\\/www.derivadoscitricos.com\\\/fr\\\/\",\"name\":\"Derivados citricos\",\"description\":\"\",\"potentialAction\":[{\"@type\":\"SearchAction\",\"target\":{\"@type\":\"EntryPoint\",\"urlTemplate\":\"https:\\\/\\\/www.derivadoscitricos.com\\\/fr\\\/?s={search_term_string}\"},\"query-input\":{\"@type\":\"PropertyValueSpecification\",\"valueRequired\":true,\"valueName\":\"search_term_string\"}}],\"inLanguage\":\"fr-FR\"}]}<\/script>\n<!-- \/ Yoast SEO plugin. -->","yoast_head_json":{"title":"Entreprise - Derivados citricos","robots":{"index":"index","follow":"follow","max-snippet":"max-snippet:-1","max-image-preview":"max-image-preview:large","max-video-preview":"max-video-preview:-1"},"canonical":"https:\/\/www.derivadoscitricos.com\/fr\/entreprise\/","og_locale":"fr_FR","og_type":"article","og_title":"Entreprise - Derivados citricos","og_url":"https:\/\/www.derivadoscitricos.com\/fr\/entreprise\/","og_site_name":"Derivados citricos","article_modified_time":"2022-03-29T09:59:33+00:00","twitter_card":"summary_large_image","twitter_misc":{"Dur\u00e9e de lecture estim\u00e9e":"1 minute"},"schema":{"@context":"https:\/\/schema.org","@graph":[{"@type":"WebPage","@id":"https:\/\/www.derivadoscitricos.com\/fr\/entreprise\/","url":"https:\/\/www.derivadoscitricos.com\/fr\/entreprise\/","name":"Entreprise - Derivados citricos","isPartOf":{"@id":"https:\/\/www.derivadoscitricos.com\/fr\/#website"},"datePublished":"2021-10-04T06:55:34+00:00","dateModified":"2022-03-29T09:59:33+00:00","breadcrumb":{"@id":"https:\/\/www.derivadoscitricos.com\/fr\/entreprise\/#breadcrumb"},"inLanguage":"fr-FR","potentialAction":[{"@type":"ReadAction","target":["https:\/\/www.derivadoscitricos.com\/fr\/entreprise\/"]}]},{"@type":"BreadcrumbList","@id":"https:\/\/www.derivadoscitricos.com\/fr\/entreprise\/#breadcrumb","itemListElement":[{"@type":"ListItem","position":1,"name":"Portada","item":"https:\/\/www.derivadoscitricos.com\/fr\/"},{"@type":"ListItem","position":2,"name":"Entreprise"}]},{"@type":"WebSite","@id":"https:\/\/www.derivadoscitricos.com\/fr\/#website","url":"https:\/\/www.derivadoscitricos.com\/fr\/","name":"Derivados citricos","description":"","potentialAction":[{"@type":"SearchAction","target":{"@type":"EntryPoint","urlTemplate":"https:\/\/www.derivadoscitricos.com\/fr\/?s={search_term_string}"},"query-input":{"@type":"PropertyValueSpecification","valueRequired":true,"valueName":"search_term_string"}}],"inLanguage":"fr-FR"}]}},"_links":{"self":[{"href":"https:\/\/www.derivadoscitricos.com\/fr\/wp-json\/wp\/v2\/pages\/1491","targetHints":{"allow":["GET"]}}],"collection":[{"href":"https:\/\/www.derivadoscitricos.com\/fr\/wp-json\/wp\/v2\/pages"}],"about":[{"href":"https:\/\/www.derivadoscitricos.com\/fr\/wp-json\/wp\/v2\/types\/page"}],"author":[{"embeddable":true,"href":"https:\/\/www.derivadoscitricos.com\/fr\/wp-json\/wp\/v2\/users\/7"}],"replies":[{"embeddable":true,"href":"https:\/\/www.derivadoscitricos.com\/fr\/wp-json\/wp\/v2\/comments?post=1491"}],"version-history":[{"count":5,"href":"https:\/\/www.derivadoscitricos.com\/fr\/wp-json\/wp\/v2\/pages\/1491\/revisions"}],"predecessor-version":[{"id":1497,"href":"https:\/\/www.derivadoscitricos.com\/fr\/wp-json\/wp\/v2\/pages\/1491\/revisions\/1497"}],"wp:attachment":[{"href":"https:\/\/www.derivadoscitricos.com\/fr\/wp-json\/wp\/v2\/media?parent=1491"}],"curies":[{"name":"wp","href":"https:\/\/api.w.org\/{rel}","templated":true}]}}