{"id":1498,"date":"2021-10-04T06:56:00","date_gmt":"2021-10-04T06:56:00","guid":{"rendered":"https:\/\/www.derivadoscitricos.com\/calidad\/"},"modified":"2022-03-29T10:04:33","modified_gmt":"2022-03-29T10:04:33","slug":"qualite","status":"publish","type":"page","link":"https:\/\/www.derivadoscitricos.com\/fr\/qualite\/","title":{"rendered":"Qualit\u00e9"},"content":{"rendered":"\n<div class=\"content mb-xl bmb--xl\" >\n\t\t\t\n<div class=\"page_header\">\n\t<div class=\"page_header__bg\">\n\t\t<img decoding=\"async\" src=\"https:\/\/www.derivadoscitricos.com\/wp-content\/uploads\/2022\/02\/derivados-cabecera-calidad-2.png\">\n\t<\/div>\n\n\t<div class=\"page_header__title\">\n\t\t\n\t<\/div>\n\n<\/div>\n\n\t<\/div>\n\n\n\n\n<div class=\"content mb-xl bmb--xl gs-fade-up\" >\n\t\t\t<div class=\"container\">\n\t\t\t\n\n<div class=\"row   \">\n\t\n\n\t<div class=\"column col-12 col-md-6 col-xl-6\">\n\t\t\n\n<h1 class=\"wp-block-heading\" id=\"pasion-por-la-calidad\">Passion pour la Qualit\u00e9<\/h1>\n\n\n\n<p><meta charset=\"utf-8\"><em>L\u2019objectif principal que nous nous sommes fix\u00e9 \u00e0 \u00ab\u00a0Derivados Citricos\u00a0\u00bb est la Qualit\u00e9 totale.<\/em><\/p>\n\n\n\t<\/div>\n\n\n\n\t<div class=\"column col-12 col-md-6 col-xl-6\">\n\t\t\n\n<p>Pour ce faire, nous contr\u00f4lons l\u2019ensemble du processus de fabrication de nos produits, depuis la cueillette des fruits jusqu\u2019\u00e0 l\u2019exp\u00e9dition du produit depuis nos entrep\u00f4ts, tout le processus est r\u00e9alis\u00e9 dans nos propres installations avec des contr\u00f4les de qualit\u00e9 stricts. L\u2019objectif est d\u2019offrir les meilleures garanties de qualit\u00e9 \u00e0 nos clients et fournisseurs.<br><br><\/p>\n\n\n\n<p>Gr\u00e2ce \u00e0 l\u2019utilisation de la technologie la plus avanc\u00e9e dans le processus de production, nos produits gardent toute leur saveur, leur odeur et leurs valeurs nutritionnelles intactes tout au long de leur dur\u00e9e de vie.<br><br><\/p>\n\n\n\n<p>\u00ab Derivados Citricos \u00bb est certifi\u00e9 selon les normes internationales <strong>IFS Food<\/strong> (International Featured Standard) et <strong>BRCGS<\/strong> (British Retail Consortium Global Standards).<\/p>\n\n\n\n<div class=\"row  bmt--md \">\n\t\n\n\t<div class=\"column col-6 col-md-6 col-xl-4\">\n\t\t\n\n<div class=\"wp-block-image\"><figure class=\"alignleft size-large\"><img decoding=\"async\" width=\"179\" height=\"106\" src=\"https:\/\/www.derivadoscitricos.com\/wp-content\/uploads\/2021\/10\/ifs.svg\" alt=\"\" class=\"wp-image-295\"\/><\/figure><\/div>\n\n\n\t<\/div>\n\n\n\n\t<div class=\"column col-6 col-md-6 col-xl-4\">\n\t\t\n\n<div class=\"wp-block-image\"><figure class=\"alignleft size-full is-resized\"><img decoding=\"async\" src=\"https:\/\/www.derivadoscitricos.com\/wp-content\/uploads\/2021\/11\/brc-gs-1.png\" alt=\"\" class=\"wp-image-581\" width=\"182\" height=\"159\"\/><\/figure><\/div>\n\n\n\t<\/div>\n\n\n\n\t<div class=\"column col-6 col-md-6 col-xl-4\">\n\t\t\n\n<div class=\"wp-block-image\"><figure class=\"alignleft size-full\"><img decoding=\"async\" width=\"106\" height=\"106\" src=\"https:\/\/www.derivadoscitricos.com\/wp-content\/uploads\/2021\/11\/kosher-ok-2.png\" alt=\"\" class=\"wp-image-638\"\/><\/figure><\/div>\n\n\n\t<\/div>\n\n\n\n\t<div class=\"column col-6 col-md-6 col-xl-4\">\n\t\t\n\t<\/div>\n\n\n<\/div>\n\n\t<\/div>\n\n\n<\/div>\n\n\t\t\t<\/div>\n\t<\/div>\n\n\n\n\n<div class=\"content\" >\n\t\t\t\n\n<div class=\"slider  \">\n\t<div id=\"block_620b7b3b7a61b\" class=\"swiper slider\">\n\t\t<div class=\"swiper-wrapper\">\n\t\t\t\n\n<div class=\"swiper-slide\">\n\t<div class=\"slide\">\n\t\t\t\t\t\t<div class=\"slide__bg\">\n\t\t\t\t<img decoding=\"async\" src=\"https:\/\/www.derivadoscitricos.com\/wp-content\/uploads\/2022\/02\/derivados-slider-calidad-1.png\">\n\t\t\t<\/div>\n\t\t\t\t\t\t<div class=\"container slide__content\">\n\t\t\t\t\t\t\t\t\t\t\t\t\t<\/div>\n\t<\/div>\n<\/div>\n\n\n<div class=\"swiper-slide\">\n\t<div class=\"slide\">\n\t\t\t\t\t\t<div class=\"slide__bg\">\n\t\t\t\t<img decoding=\"async\" src=\"https:\/\/www.derivadoscitricos.com\/wp-content\/uploads\/2022\/02\/derivados-slider-calidad-2.png\">\n\t\t\t<\/div>\n\t\t\t\t\t\t<div class=\"container slide__content\">\n\t\t\t\t\t\t\t\t\t\t\t\t\t<\/div>\n\t<\/div>\n<\/div>\n\n\n<div class=\"swiper-slide\">\n\t<div class=\"slide\">\n\t\t\t\t\t\t<div class=\"slide__bg\">\n\t\t\t\t<img decoding=\"async\" src=\"https:\/\/www.derivadoscitricos.com\/wp-content\/uploads\/2022\/02\/derivados-slider-calidad-3.png\">\n\t\t\t<\/div>\n\t\t\t\t\t\t<div class=\"container slide__content\">\n\t\t\t\t\t\t\t\t\t\t\t\t\t<\/div>\n\t<\/div>\n<\/div>\n\n\n<div class=\"swiper-slide\">\n\t<div class=\"slide\">\n\t\t\t\t\t\t<div class=\"slide__bg\">\n\t\t\t\t<img decoding=\"async\" src=\"https:\/\/www.derivadoscitricos.com\/wp-content\/uploads\/2022\/02\/derivados-slider-calidad-4.png\">\n\t\t\t<\/div>\n\t\t\t\t\t\t<div class=\"container slide__content\">\n\t\t\t\t\t\t\t\t\t\t\t\t\t<\/div>\n\t<\/div>\n<\/div>\n\n\n<div class=\"swiper-slide\">\n\t<div class=\"slide\">\n\t\t\t\t\t\t<div class=\"slide__bg\">\n\t\t\t\t<img decoding=\"async\" src=\"https:\/\/www.derivadoscitricos.com\/wp-content\/uploads\/2022\/02\/derivados-slider-calidad-5.png\">\n\t\t\t<\/div>\n\t\t\t\t\t\t<div class=\"container slide__content\">\n\t\t\t\t\t\t\t\t\t\t\t\t\t<\/div>\n\t<\/div>\n<\/div>\n\n\n<div class=\"swiper-slide\">\n\t<div class=\"slide\">\n\t\t\t\t\t\t<div class=\"slide__bg\">\n\t\t\t\t<img decoding=\"async\" src=\"https:\/\/www.derivadoscitricos.com\/wp-content\/uploads\/2022\/02\/derivados-slider-calidad-6.png\">\n\t\t\t<\/div>\n\t\t\t\t\t\t<div class=\"container slide__content\">\n\t\t\t\t\t\t\t\t\t\t\t\t\t<\/div>\n\t<\/div>\n<\/div>\n\n\t\t<\/div>\n\t\t<div class=\"slider-button-next\"><\/div>\n\t\t<div class=\"slider-button-prev\"><\/div>\n\t\t<div class=\"swiper-pagination\"><\/div>\n\t<\/div>\n<\/div>\n\n\n\n\t<\/div>\n\n\n\n\n<p><\/p>\n","protected":false},"excerpt":{"rendered":"","protected":false},"author":7,"featured_media":0,"parent":0,"menu_order":0,"comment_status":"closed","ping_status":"closed","template":"","meta":{"_acf_changed":false,"footnotes":""},"class_list":["post-1498","page","type-page","status-publish","hentry"],"acf":[],"yoast_head":"<!-- This site is optimized with the Yoast SEO plugin v27.3 - https:\/\/yoast.com\/product\/yoast-seo-wordpress\/ -->\n<title>Qualit\u00e9 - Derivados citricos<\/title>\n<meta name=\"robots\" content=\"index, follow, max-snippet:-1, max-image-preview:large, max-video-preview:-1\" \/>\n<link rel=\"canonical\" href=\"https:\/\/www.derivadoscitricos.com\/fr\/qualite\/\" \/>\n<meta property=\"og:locale\" content=\"fr_FR\" \/>\n<meta property=\"og:type\" content=\"article\" \/>\n<meta property=\"og:title\" content=\"Qualit\u00e9 - Derivados citricos\" \/>\n<meta property=\"og:url\" content=\"https:\/\/www.derivadoscitricos.com\/fr\/qualite\/\" \/>\n<meta property=\"og:site_name\" content=\"Derivados citricos\" \/>\n<meta property=\"article:modified_time\" content=\"2022-03-29T10:04:33+00:00\" \/>\n<meta property=\"og:image\" content=\"https:\/\/www.derivadoscitricos.com\/wp-content\/uploads\/2021\/10\/ifs.svg\" \/>\n<meta name=\"twitter:card\" content=\"summary_large_image\" \/>\n<meta name=\"twitter:label1\" content=\"Dur\u00e9e de lecture estim\u00e9e\" \/>\n\t<meta name=\"twitter:data1\" content=\"1 minute\" \/>\n<script type=\"application\/ld+json\" class=\"yoast-schema-graph\">{\"@context\":\"https:\\\/\\\/schema.org\",\"@graph\":[{\"@type\":\"WebPage\",\"@id\":\"https:\\\/\\\/www.derivadoscitricos.com\\\/fr\\\/qualite\\\/\",\"url\":\"https:\\\/\\\/www.derivadoscitricos.com\\\/fr\\\/qualite\\\/\",\"name\":\"Qualit\u00e9 - Derivados citricos\",\"isPartOf\":{\"@id\":\"https:\\\/\\\/www.derivadoscitricos.com\\\/fr\\\/#website\"},\"primaryImageOfPage\":{\"@id\":\"https:\\\/\\\/www.derivadoscitricos.com\\\/fr\\\/qualite\\\/#primaryimage\"},\"image\":{\"@id\":\"https:\\\/\\\/www.derivadoscitricos.com\\\/fr\\\/qualite\\\/#primaryimage\"},\"thumbnailUrl\":\"https:\\\/\\\/www.derivadoscitricos.com\\\/wp-content\\\/uploads\\\/2021\\\/10\\\/ifs.svg\",\"datePublished\":\"2021-10-04T06:56:00+00:00\",\"dateModified\":\"2022-03-29T10:04:33+00:00\",\"breadcrumb\":{\"@id\":\"https:\\\/\\\/www.derivadoscitricos.com\\\/fr\\\/qualite\\\/#breadcrumb\"},\"inLanguage\":\"fr-FR\",\"potentialAction\":[{\"@type\":\"ReadAction\",\"target\":[\"https:\\\/\\\/www.derivadoscitricos.com\\\/fr\\\/qualite\\\/\"]}]},{\"@type\":\"ImageObject\",\"inLanguage\":\"fr-FR\",\"@id\":\"https:\\\/\\\/www.derivadoscitricos.com\\\/fr\\\/qualite\\\/#primaryimage\",\"url\":\"https:\\\/\\\/www.derivadoscitricos.com\\\/wp-content\\\/uploads\\\/2021\\\/10\\\/ifs.svg\",\"contentUrl\":\"https:\\\/\\\/www.derivadoscitricos.com\\\/wp-content\\\/uploads\\\/2021\\\/10\\\/ifs.svg\"},{\"@type\":\"BreadcrumbList\",\"@id\":\"https:\\\/\\\/www.derivadoscitricos.com\\\/fr\\\/qualite\\\/#breadcrumb\",\"itemListElement\":[{\"@type\":\"ListItem\",\"position\":1,\"name\":\"Portada\",\"item\":\"https:\\\/\\\/www.derivadoscitricos.com\\\/fr\\\/\"},{\"@type\":\"ListItem\",\"position\":2,\"name\":\"Qualit\u00e9\"}]},{\"@type\":\"WebSite\",\"@id\":\"https:\\\/\\\/www.derivadoscitricos.com\\\/fr\\\/#website\",\"url\":\"https:\\\/\\\/www.derivadoscitricos.com\\\/fr\\\/\",\"name\":\"Derivados citricos\",\"description\":\"\",\"potentialAction\":[{\"@type\":\"SearchAction\",\"target\":{\"@type\":\"EntryPoint\",\"urlTemplate\":\"https:\\\/\\\/www.derivadoscitricos.com\\\/fr\\\/?s={search_term_string}\"},\"query-input\":{\"@type\":\"PropertyValueSpecification\",\"valueRequired\":true,\"valueName\":\"search_term_string\"}}],\"inLanguage\":\"fr-FR\"}]}<\/script>\n<!-- \/ Yoast SEO plugin. -->","yoast_head_json":{"title":"Qualit\u00e9 - Derivados citricos","robots":{"index":"index","follow":"follow","max-snippet":"max-snippet:-1","max-image-preview":"max-image-preview:large","max-video-preview":"max-video-preview:-1"},"canonical":"https:\/\/www.derivadoscitricos.com\/fr\/qualite\/","og_locale":"fr_FR","og_type":"article","og_title":"Qualit\u00e9 - Derivados citricos","og_url":"https:\/\/www.derivadoscitricos.com\/fr\/qualite\/","og_site_name":"Derivados citricos","article_modified_time":"2022-03-29T10:04:33+00:00","og_image":[{"url":"https:\/\/www.derivadoscitricos.com\/wp-content\/uploads\/2021\/10\/ifs.svg","type":"","width":"","height":""}],"twitter_card":"summary_large_image","twitter_misc":{"Dur\u00e9e de lecture estim\u00e9e":"1 minute"},"schema":{"@context":"https:\/\/schema.org","@graph":[{"@type":"WebPage","@id":"https:\/\/www.derivadoscitricos.com\/fr\/qualite\/","url":"https:\/\/www.derivadoscitricos.com\/fr\/qualite\/","name":"Qualit\u00e9 - Derivados citricos","isPartOf":{"@id":"https:\/\/www.derivadoscitricos.com\/fr\/#website"},"primaryImageOfPage":{"@id":"https:\/\/www.derivadoscitricos.com\/fr\/qualite\/#primaryimage"},"image":{"@id":"https:\/\/www.derivadoscitricos.com\/fr\/qualite\/#primaryimage"},"thumbnailUrl":"https:\/\/www.derivadoscitricos.com\/wp-content\/uploads\/2021\/10\/ifs.svg","datePublished":"2021-10-04T06:56:00+00:00","dateModified":"2022-03-29T10:04:33+00:00","breadcrumb":{"@id":"https:\/\/www.derivadoscitricos.com\/fr\/qualite\/#breadcrumb"},"inLanguage":"fr-FR","potentialAction":[{"@type":"ReadAction","target":["https:\/\/www.derivadoscitricos.com\/fr\/qualite\/"]}]},{"@type":"ImageObject","inLanguage":"fr-FR","@id":"https:\/\/www.derivadoscitricos.com\/fr\/qualite\/#primaryimage","url":"https:\/\/www.derivadoscitricos.com\/wp-content\/uploads\/2021\/10\/ifs.svg","contentUrl":"https:\/\/www.derivadoscitricos.com\/wp-content\/uploads\/2021\/10\/ifs.svg"},{"@type":"BreadcrumbList","@id":"https:\/\/www.derivadoscitricos.com\/fr\/qualite\/#breadcrumb","itemListElement":[{"@type":"ListItem","position":1,"name":"Portada","item":"https:\/\/www.derivadoscitricos.com\/fr\/"},{"@type":"ListItem","position":2,"name":"Qualit\u00e9"}]},{"@type":"WebSite","@id":"https:\/\/www.derivadoscitricos.com\/fr\/#website","url":"https:\/\/www.derivadoscitricos.com\/fr\/","name":"Derivados citricos","description":"","potentialAction":[{"@type":"SearchAction","target":{"@type":"EntryPoint","urlTemplate":"https:\/\/www.derivadoscitricos.com\/fr\/?s={search_term_string}"},"query-input":{"@type":"PropertyValueSpecification","valueRequired":true,"valueName":"search_term_string"}}],"inLanguage":"fr-FR"}]}},"_links":{"self":[{"href":"https:\/\/www.derivadoscitricos.com\/fr\/wp-json\/wp\/v2\/pages\/1498","targetHints":{"allow":["GET"]}}],"collection":[{"href":"https:\/\/www.derivadoscitricos.com\/fr\/wp-json\/wp\/v2\/pages"}],"about":[{"href":"https:\/\/www.derivadoscitricos.com\/fr\/wp-json\/wp\/v2\/types\/page"}],"author":[{"embeddable":true,"href":"https:\/\/www.derivadoscitricos.com\/fr\/wp-json\/wp\/v2\/users\/7"}],"replies":[{"embeddable":true,"href":"https:\/\/www.derivadoscitricos.com\/fr\/wp-json\/wp\/v2\/comments?post=1498"}],"version-history":[{"count":1,"href":"https:\/\/www.derivadoscitricos.com\/fr\/wp-json\/wp\/v2\/pages\/1498\/revisions"}],"predecessor-version":[{"id":1500,"href":"https:\/\/www.derivadoscitricos.com\/fr\/wp-json\/wp\/v2\/pages\/1498\/revisions\/1500"}],"wp:attachment":[{"href":"https:\/\/www.derivadoscitricos.com\/fr\/wp-json\/wp\/v2\/media?parent=1498"}],"curies":[{"name":"wp","href":"https:\/\/api.w.org\/{rel}","templated":true}]}}