{"id":1501,"date":"2021-11-24T12:28:49","date_gmt":"2021-11-24T12:28:49","guid":{"rendered":"https:\/\/www.derivadoscitricos.com\/mision-y-valores\/"},"modified":"2022-03-29T10:13:53","modified_gmt":"2022-03-29T10:13:53","slug":"mission","status":"publish","type":"page","link":"https:\/\/www.derivadoscitricos.com\/fr\/mission\/","title":{"rendered":"Mission"},"content":{"rendered":"\n<div class=\"content bmb--md\" >\n\t\t\t\n<div class=\"page_header\">\n\t<div class=\"page_header__bg\">\n\t\t<img decoding=\"async\" src=\"https:\/\/www.derivadoscitricos.com\/wp-content\/uploads\/2021\/10\/producto.jpg\">\n\t<\/div>\n\n\t<div class=\"page_header__title\">\n\t\t\n\t<\/div>\n\n<\/div>\n\n\t<\/div>\n\n\n\n\n<div class=\"content mb-xl bmb--xl gs-fade-up\" >\n\t\t\t<div class=\"container\">\n\t\t\t\n\n<div class=\"row   \">\n\t\n\n\t<div class=\"column col-12 col-md-6 col-xl-6\">\n\t\t\n\n\n\t<div class=\"link\"> Mission<\/div>\n\n\n\n\n\n<h2 class=\"wp-block-heading\">Passion pour la Qualit\u00e9.<br>Passion pour nos clients<\/h2>\n\n\n\n<p><em>Nous sommes passionn\u00e9s par la cr\u00e9ation de produits de premi\u00e8re qualit\u00e9 et d\u2019\u00eatre la r\u00e9f\u00e9rence dans notre secteur.<\/em><\/p>\n\n\n\t<\/div>\n\n\n\n\t<div class=\"column col-12 col-md-6 col-xl-6\">\n\t\t\n\n<p>Pour y parvenir, nous voulons continuer \u00e0 am\u00e9liorer nos produits gr\u00e2ce \u00e0 l\u2019am\u00e9lioration continue de nos processus internes, en \u00e9tant toujours plus efficaces et plus productifs. Nous investissons continuellement dans l\u2019innovation et dans les ressources humaines afin d\u2019avoir toujours une longueur d\u2019avance sur les changements dans un secteur en constante \u00e9volution.<br><br><\/p>\n\n\n\n<p>Nous voulons continuer \u00e0 renforcer notre position de premier fabricant en Espagne et en m\u00eame temps \u00e9tendre notre pr\u00e9sence au niveau international en ouvrant de nouveaux march\u00e9s et en obtenant la m\u00eame chose avec notre <strong>passion<\/strong> pour nos <strong>clients<\/strong>. Nous avons la meilleure \u00e9quipe professionnelle pour r\u00e9pondre \u00e0 tous les besoins de nos clients partout dans le monde.<\/p>\n\n\n\t<\/div>\n\n\n<\/div>\n\n\t\t\t<\/div>\n\t<\/div>\n\n\n\n\n<div class=\"content mb-xl bmb--xl gs-fade-up\" >\n\t\t\t<div class=\"container\">\n\t\t\t\n\n<div class=\"row   \">\n\t\n\n\t<div class=\"column col-12 col-md-6 col-xl-6\">\n\t\t\n\n\n\t<div class=\"link\"> VALEURS<\/div>\n\n\n\n\n\n<h2 class=\"wp-block-heading\">Nos principes \u00e9thiques.<\/h2>\n\n\n\n<p><em><meta charset=\"utf-8\">Nos valeurs sont des principes \u00e9thiques qui fondent la culture de notre entreprise.<\/em><\/p>\n\n\n\t<\/div>\n\n\n\n\t<div class=\"column col-12 col-md-6 col-xl-5\">\n\t\t\n\n<p>Nos valeurs nous permettent de cr\u00e9er nos mod\u00e8les de comportement qui sont:<br><\/p>\n\n\n\n<h4 class=\"wp-block-heading\">\u00b7 Nos adaptamos a los cambios para seguir mejorando<br><meta charset=\"utf-8\"><\/h4>\n\n\n\n<h4 class=\"wp-block-heading\"><strong>\u2022 Nous nous adaptons aux changements pour continuer \u00e0 nous am\u00e9liorer<br>\u2022 Nous sommes une \u00e9quipe<br>\u2022 Nous sommes des partenaires<br>\u2022 Nous sommes des gens humbles<br>\u2022 Nous sommes positifs<\/strong><\/h4>\n\n\n\t<\/div>\n\n\n<\/div>\n\n\t\t\t<\/div>\n\t<\/div>\n\n","protected":false},"excerpt":{"rendered":"","protected":false},"author":7,"featured_media":0,"parent":0,"menu_order":0,"comment_status":"closed","ping_status":"closed","template":"","meta":{"_acf_changed":false,"footnotes":""},"class_list":["post-1501","page","type-page","status-publish","hentry"],"acf":[],"yoast_head":"<!-- This site is optimized with the Yoast SEO plugin v27.4 - https:\/\/yoast.com\/product\/yoast-seo-wordpress\/ -->\n<title>Mission - Derivados citricos<\/title>\n<meta name=\"robots\" content=\"index, follow, max-snippet:-1, max-image-preview:large, max-video-preview:-1\" \/>\n<link rel=\"canonical\" href=\"https:\/\/www.derivadoscitricos.com\/fr\/mission\/\" \/>\n<meta property=\"og:locale\" content=\"fr_FR\" \/>\n<meta property=\"og:type\" content=\"article\" \/>\n<meta property=\"og:title\" content=\"Mission - Derivados citricos\" \/>\n<meta property=\"og:url\" content=\"https:\/\/www.derivadoscitricos.com\/fr\/mission\/\" \/>\n<meta property=\"og:site_name\" content=\"Derivados citricos\" \/>\n<meta property=\"article:modified_time\" content=\"2022-03-29T10:13:53+00:00\" \/>\n<meta name=\"twitter:card\" content=\"summary_large_image\" \/>\n<meta name=\"twitter:label1\" content=\"Dur\u00e9e de lecture estim\u00e9e\" \/>\n\t<meta name=\"twitter:data1\" content=\"1 minute\" \/>\n<script type=\"application\/ld+json\" class=\"yoast-schema-graph\">{\"@context\":\"https:\\\/\\\/schema.org\",\"@graph\":[{\"@type\":\"WebPage\",\"@id\":\"https:\\\/\\\/www.derivadoscitricos.com\\\/fr\\\/mission\\\/\",\"url\":\"https:\\\/\\\/www.derivadoscitricos.com\\\/fr\\\/mission\\\/\",\"name\":\"Mission - Derivados citricos\",\"isPartOf\":{\"@id\":\"https:\\\/\\\/www.derivadoscitricos.com\\\/fr\\\/#website\"},\"datePublished\":\"2021-11-24T12:28:49+00:00\",\"dateModified\":\"2022-03-29T10:13:53+00:00\",\"breadcrumb\":{\"@id\":\"https:\\\/\\\/www.derivadoscitricos.com\\\/fr\\\/mission\\\/#breadcrumb\"},\"inLanguage\":\"fr-FR\",\"potentialAction\":[{\"@type\":\"ReadAction\",\"target\":[\"https:\\\/\\\/www.derivadoscitricos.com\\\/fr\\\/mission\\\/\"]}]},{\"@type\":\"BreadcrumbList\",\"@id\":\"https:\\\/\\\/www.derivadoscitricos.com\\\/fr\\\/mission\\\/#breadcrumb\",\"itemListElement\":[{\"@type\":\"ListItem\",\"position\":1,\"name\":\"Portada\",\"item\":\"https:\\\/\\\/www.derivadoscitricos.com\\\/fr\\\/\"},{\"@type\":\"ListItem\",\"position\":2,\"name\":\"Mission\"}]},{\"@type\":\"WebSite\",\"@id\":\"https:\\\/\\\/www.derivadoscitricos.com\\\/fr\\\/#website\",\"url\":\"https:\\\/\\\/www.derivadoscitricos.com\\\/fr\\\/\",\"name\":\"Derivados citricos\",\"description\":\"\",\"potentialAction\":[{\"@type\":\"SearchAction\",\"target\":{\"@type\":\"EntryPoint\",\"urlTemplate\":\"https:\\\/\\\/www.derivadoscitricos.com\\\/fr\\\/?s={search_term_string}\"},\"query-input\":{\"@type\":\"PropertyValueSpecification\",\"valueRequired\":true,\"valueName\":\"search_term_string\"}}],\"inLanguage\":\"fr-FR\"}]}<\/script>\n<!-- \/ Yoast SEO plugin. -->","yoast_head_json":{"title":"Mission - Derivados citricos","robots":{"index":"index","follow":"follow","max-snippet":"max-snippet:-1","max-image-preview":"max-image-preview:large","max-video-preview":"max-video-preview:-1"},"canonical":"https:\/\/www.derivadoscitricos.com\/fr\/mission\/","og_locale":"fr_FR","og_type":"article","og_title":"Mission - Derivados citricos","og_url":"https:\/\/www.derivadoscitricos.com\/fr\/mission\/","og_site_name":"Derivados citricos","article_modified_time":"2022-03-29T10:13:53+00:00","twitter_card":"summary_large_image","twitter_misc":{"Dur\u00e9e de lecture estim\u00e9e":"1 minute"},"schema":{"@context":"https:\/\/schema.org","@graph":[{"@type":"WebPage","@id":"https:\/\/www.derivadoscitricos.com\/fr\/mission\/","url":"https:\/\/www.derivadoscitricos.com\/fr\/mission\/","name":"Mission - Derivados citricos","isPartOf":{"@id":"https:\/\/www.derivadoscitricos.com\/fr\/#website"},"datePublished":"2021-11-24T12:28:49+00:00","dateModified":"2022-03-29T10:13:53+00:00","breadcrumb":{"@id":"https:\/\/www.derivadoscitricos.com\/fr\/mission\/#breadcrumb"},"inLanguage":"fr-FR","potentialAction":[{"@type":"ReadAction","target":["https:\/\/www.derivadoscitricos.com\/fr\/mission\/"]}]},{"@type":"BreadcrumbList","@id":"https:\/\/www.derivadoscitricos.com\/fr\/mission\/#breadcrumb","itemListElement":[{"@type":"ListItem","position":1,"name":"Portada","item":"https:\/\/www.derivadoscitricos.com\/fr\/"},{"@type":"ListItem","position":2,"name":"Mission"}]},{"@type":"WebSite","@id":"https:\/\/www.derivadoscitricos.com\/fr\/#website","url":"https:\/\/www.derivadoscitricos.com\/fr\/","name":"Derivados citricos","description":"","potentialAction":[{"@type":"SearchAction","target":{"@type":"EntryPoint","urlTemplate":"https:\/\/www.derivadoscitricos.com\/fr\/?s={search_term_string}"},"query-input":{"@type":"PropertyValueSpecification","valueRequired":true,"valueName":"search_term_string"}}],"inLanguage":"fr-FR"}]}},"_links":{"self":[{"href":"https:\/\/www.derivadoscitricos.com\/fr\/wp-json\/wp\/v2\/pages\/1501","targetHints":{"allow":["GET"]}}],"collection":[{"href":"https:\/\/www.derivadoscitricos.com\/fr\/wp-json\/wp\/v2\/pages"}],"about":[{"href":"https:\/\/www.derivadoscitricos.com\/fr\/wp-json\/wp\/v2\/types\/page"}],"author":[{"embeddable":true,"href":"https:\/\/www.derivadoscitricos.com\/fr\/wp-json\/wp\/v2\/users\/7"}],"replies":[{"embeddable":true,"href":"https:\/\/www.derivadoscitricos.com\/fr\/wp-json\/wp\/v2\/comments?post=1501"}],"version-history":[{"count":2,"href":"https:\/\/www.derivadoscitricos.com\/fr\/wp-json\/wp\/v2\/pages\/1501\/revisions"}],"predecessor-version":[{"id":1504,"href":"https:\/\/www.derivadoscitricos.com\/fr\/wp-json\/wp\/v2\/pages\/1501\/revisions\/1504"}],"wp:attachment":[{"href":"https:\/\/www.derivadoscitricos.com\/fr\/wp-json\/wp\/v2\/media?parent=1501"}],"curies":[{"name":"wp","href":"https:\/\/api.w.org\/{rel}","templated":true}]}}