{"id":1510,"date":"2021-10-04T07:07:05","date_gmt":"2021-10-04T07:07:05","guid":{"rendered":"https:\/\/www.derivadoscitricos.com\/producto\/"},"modified":"2025-06-23T11:29:16","modified_gmt":"2025-06-23T11:29:16","slug":"produit","status":"publish","type":"page","link":"https:\/\/www.derivadoscitricos.com\/fr\/produit\/","title":{"rendered":"Produit"},"content":{"rendered":"\n<div class=\"content bmb--md\" >\n\t\t\t\n<div class=\"page_header\">\n\t<div class=\"page_header__bg\">\n\t\t<img decoding=\"async\" src=\"https:\/\/www.derivadoscitricos.com\/wp-content\/uploads\/2021\/10\/producto.jpg\">\n\t<\/div>\n\n\t<div class=\"page_header__title\">\n\t\t\n\t<\/div>\n\n<\/div>\n\n\t<\/div>\n\n\n\n\n<div class=\"content bmb--md\" >\n\t\t\t<div class=\"container\">\n\t\t\t\n\n<div class=\"row   \">\n\t\n\n\t<div class=\"column col-12 col-md-12 col-xl-3\">\n\t\t\n\t<\/div>\n\n\n\n\t<div class=\"column col-12 col-md-12 col-xl-6\">\n\t\t\n\n<h1 class=\"wp-block-heading has-text-align-center\" id=\"producto\">Produit<\/h1>\n\n\n\t<\/div>\n\n\n\n\t<div class=\"column col-12 col-md-12 col-xl-3\">\n\t\t\n\t<\/div>\n\n\n<\/div>\n\n\t\t\t<\/div>\n\t<\/div>\n\n\n\n\n<div class=\"content bmb--md\" >\n\t\t\t<div class=\"container\">\n\t\t\t\n\n<div class=\"row   \">\n\t\n\n\t<div class=\"column col-12 col-md-6 col-xl-6\">\n\t\t\n<div class=\"product_file gs-fade-up\">\n\t<div class=\"row\">\n\t\t<div class=\"col-12 col-xl-1\"><\/div>\n\t\t<div class=\"col-12 col-xl-10\">\n\t\t\t\n<div class=\"wp-block-image\">\n<figure class=\"aligncenter size-full\"><img fetchpriority=\"high\" decoding=\"async\" width=\"1000\" height=\"632\" src=\"https:\/\/www.derivadoscitricos.com\/wp-content\/uploads\/2022\/02\/derivados-pagina-producto-zumo-limon-2.jpg\" alt=\"\" class=\"wp-image-888\" srcset=\"https:\/\/www.derivadoscitricos.com\/wp-content\/uploads\/2022\/02\/derivados-pagina-producto-zumo-limon-2.jpg 1000w, https:\/\/www.derivadoscitricos.com\/wp-content\/uploads\/2022\/02\/derivados-pagina-producto-zumo-limon-2-300x190.jpg 300w, https:\/\/www.derivadoscitricos.com\/wp-content\/uploads\/2022\/02\/derivados-pagina-producto-zumo-limon-2-768x485.jpg 768w\" sizes=\"(max-width: 1000px) 100vw, 1000px\" \/><\/figure>\n<\/div>\n\n\n<h2 class=\"wp-block-heading\" id=\"zumo-natural-y-zumo-concentrado-de-limon\">Jus naturel<\/h2>\n\n\n\n<p>JUS. Ne provenant pas de concentr\u00e9 pasteuris\u00e9 et non pasteuris\u00e9.<\/p>\n\n\n\n<p><strong>Emballages:<br><\/strong>Barils m\u00e9talliques (200 \u2013 240 KG)<br>Cubes (5-25 KG)<br>Bonbonnes (5-25 KG)<br>Containers IBC (1000-1200 KG)<br>Camion-citerne (26 000 KG)<\/p>\n\n\n\n<p>Congel\u00e9, r\u00e9frig\u00e9r\u00e9 ou avec conservateur.<\/p>\n\n\n\n<p><strong>Utilisations:<\/strong><br>Jus, boissons aux fruits, boissons gazeuses, smoothies, plats pr\u00e9par\u00e9s, r\u00e9gulateur naturel d\u2019acidit\u00e9, etc.<\/p>\n\n\n\n<a class=\"button\" href=\"https:\/\/www.derivadoscitricos.com\/fr\/contact\/\" >Demander plus d\u2019informations<span class=\"arrow_icon\"><span><\/a>\n\n\t\t\t<\/div>\n\t\t<div class=\"col-12 col-xl-1\"><\/div>\n\t<\/div>\n<\/div>\n\n\t<\/div>\n\n\n\n\t<div class=\"column col-12 col-md-6 col-xl-6\">\n\t\t\n<div class=\"product_file gs-fade-up\">\n\t<div class=\"row\">\n\t\t<div class=\"col-12 col-xl-1\"><\/div>\n\t\t<div class=\"col-12 col-xl-10\">\n\t\t\t\n<div class=\"wp-block-image\">\n<figure class=\"aligncenter size-full\"><img decoding=\"async\" width=\"1000\" height=\"631\" src=\"https:\/\/www.derivadoscitricos.com\/wp-content\/uploads\/2022\/02\/derivados-pagina-producto-aceite-esencial.jpg\" alt=\"\" class=\"wp-image-898\" srcset=\"https:\/\/www.derivadoscitricos.com\/wp-content\/uploads\/2022\/02\/derivados-pagina-producto-aceite-esencial.jpg 1000w, https:\/\/www.derivadoscitricos.com\/wp-content\/uploads\/2022\/02\/derivados-pagina-producto-aceite-esencial-300x189.jpg 300w, https:\/\/www.derivadoscitricos.com\/wp-content\/uploads\/2022\/02\/derivados-pagina-producto-aceite-esencial-768x485.jpg 768w\" sizes=\"(max-width: 1000px) 100vw, 1000px\" \/><\/figure>\n<\/div>\n\n\n<h2 class=\"wp-block-heading\" id=\"aceite-esencial-de-limon\"><strong>Huile essentielle de citron<\/strong><\/h2>\n\n\n\n<p>100% huile essentielle de citron, press\u00e9e \u00e0 froid, sans additifs.<\/p>\n\n\n\n<p><strong>Emballages:<\/strong><br>Barils m\u00e9talliques 180 KG<\/p>\n\n\n\n<p><strong>Utilisations:<\/strong><br>Pour l\u2019\u00e9laboration d\u2019ar\u00f4mes, de parfums, de l\u2019industrie alimentaire, etc.<\/p>\n\n\n\n<a class=\"button\" href=\"https:\/\/www.derivadoscitricos.com\/fr\/contact\/\" >Demander plus d\u2019informations<span class=\"arrow_icon\"><span><\/a>\n\n\t\t\t<\/div>\n\t\t<div class=\"col-12 col-xl-1\"><\/div>\n\t<\/div>\n<\/div>\n\n\t<\/div>\n\n\n\n\t<div class=\"column col-12 col-md-6 col-xl-6\">\n\t\t\n<div class=\"product_file gs-fade-up\">\n\t<div class=\"row\">\n\t\t<div class=\"col-12 col-xl-1\"><\/div>\n\t\t<div class=\"col-12 col-xl-10\">\n\t\t\t\n<div class=\"wp-block-image\">\n<figure class=\"aligncenter size-full\"><img decoding=\"async\" width=\"1000\" height=\"632\" src=\"https:\/\/www.derivadoscitricos.com\/wp-content\/uploads\/2022\/02\/derivados-pagina-producto-corteza-limon-2.jpg\" alt=\"\" class=\"wp-image-885\" srcset=\"https:\/\/www.derivadoscitricos.com\/wp-content\/uploads\/2022\/02\/derivados-pagina-producto-corteza-limon-2.jpg 1000w, https:\/\/www.derivadoscitricos.com\/wp-content\/uploads\/2022\/02\/derivados-pagina-producto-corteza-limon-2-300x190.jpg 300w, https:\/\/www.derivadoscitricos.com\/wp-content\/uploads\/2022\/02\/derivados-pagina-producto-corteza-limon-2-768x485.jpg 768w\" sizes=\"(max-width: 1000px) 100vw, 1000px\" \/><\/figure>\n<\/div>\n\n\n<h2 class=\"wp-block-heading\" id=\"cortezas-de-limon-congeladas\">\u00c9corces de citron surgel\u00e9es<\/h2>\n\n\n\n<p>Enti\u00e8res, en d\u00e9s, bandes, rapp\u00e9es.<\/p>\n\n\n\n<p><strong>Emballages:<\/strong><br>Bo\u00eetes en carton (10 \u2013 13 KG)<br>Cubes (5 \u2013 15 KG)<\/p>\n\n\n\n<p><br><\/p>\n\n\n\n<p>Cong\u00e9lation statique -18 \u00b0C<\/p>\n\n\n\n<p><strong>Utilisations:<\/strong><br>Cr\u00e8mes glac\u00e9es, yaourts, confitures, plats pr\u00e9par\u00e9s, p\u00e2tisseries, etc.<\/p>\n\n\n\n<a class=\"button\" href=\"https:\/\/www.derivadoscitricos.com\/fr\/contact\/\" >Demander plus d\u2019informations<span class=\"arrow_icon\"><span><\/a>\n\n\t\t\t<\/div>\n\t\t<div class=\"col-12 col-xl-1\"><\/div>\n\t<\/div>\n<\/div>\n\n\t<\/div>\n\n\n\n\t<div class=\"column col-12 col-md-6 col-xl-6\">\n\t\t\n<div class=\"product_file gs-fade-up\">\n\t<div class=\"row\">\n\t\t<div class=\"col-12 col-xl-1\"><\/div>\n\t\t<div class=\"col-12 col-xl-10\">\n\t\t\t\n<div class=\"wp-block-image\">\n<figure class=\"aligncenter size-full\"><img loading=\"lazy\" decoding=\"async\" width=\"1000\" height=\"631\" src=\"https:\/\/www.derivadoscitricos.com\/wp-content\/uploads\/2022\/03\/derivados-pagina-producto-corteza-deshidratada-limon.png\" alt=\"\" class=\"wp-image-924\" srcset=\"https:\/\/www.derivadoscitricos.com\/wp-content\/uploads\/2022\/03\/derivados-pagina-producto-corteza-deshidratada-limon.png 1000w, https:\/\/www.derivadoscitricos.com\/wp-content\/uploads\/2022\/03\/derivados-pagina-producto-corteza-deshidratada-limon-300x189.png 300w, https:\/\/www.derivadoscitricos.com\/wp-content\/uploads\/2022\/03\/derivados-pagina-producto-corteza-deshidratada-limon-768x485.png 768w\" sizes=\"(max-width: 1000px) 100vw, 1000px\" \/><\/figure>\n<\/div>\n\n\n<h2 class=\"wp-block-heading\" id=\"corteza-deshidratada-de-limon-y-granada\"><strong>\u00c9corce de citron d\u00e9shydrat\u00e9e<\/strong><\/h2>\n\n\n\n<p>En entier et en morceaux, temp\u00e9rature ambiante.<\/p>\n\n\n\n<p><strong>Emballages<\/strong>:<br>Sacs (450 \u2013 500 kg)<\/p>\n\n\n\n<p><strong>Utilisations:<\/strong><br>Industrie alimentaire, industrie pharmaceutique, herboristerie.<\/p>\n\n\n\n<a class=\"button\" href=\"https:\/\/www.derivadoscitricos.com\/fr\/contact\/\" >Demander plus d\u2019informations<span class=\"arrow_icon\"><span><\/a>\n\n\t\t\t<\/div>\n\t\t<div class=\"col-12 col-xl-1\"><\/div>\n\t<\/div>\n<\/div>\n\n\t<\/div>\n\n\n\n\t<div class=\"column col-12 col-md-6 col-xl-6\">\n\t\t\n<div class=\"product_file gs-fade-up\">\n\t<div class=\"row\">\n\t\t<div class=\"col-12 col-xl-1\"><\/div>\n\t\t<div class=\"col-12 col-xl-10\">\n\t\t\t\n<div class=\"wp-block-image\">\n<figure class=\"aligncenter size-full\"><img loading=\"lazy\" decoding=\"async\" width=\"1000\" height=\"632\" src=\"https:\/\/www.derivadoscitricos.com\/wp-content\/uploads\/2022\/02\/derivados-pagina-producto-pulpa-limon-2.jpg\" alt=\"\" class=\"wp-image-886\" srcset=\"https:\/\/www.derivadoscitricos.com\/wp-content\/uploads\/2022\/02\/derivados-pagina-producto-pulpa-limon-2.jpg 1000w, https:\/\/www.derivadoscitricos.com\/wp-content\/uploads\/2022\/02\/derivados-pagina-producto-pulpa-limon-2-300x190.jpg 300w, https:\/\/www.derivadoscitricos.com\/wp-content\/uploads\/2022\/02\/derivados-pagina-producto-pulpa-limon-2-768x485.jpg 768w\" sizes=\"(max-width: 1000px) 100vw, 1000px\" \/><\/figure>\n<\/div>\n\n\n<h2 class=\"wp-block-heading\" id=\"pulpa-de-limon\"><strong>Pulpe de citron<\/strong><\/h2>\n\n\n\n<p>Pasteuris\u00e9, sans conservateur, congel\u00e9.<\/p>\n\n\n\n<p><strong>Emballages:<\/strong><br>Barils m\u00e9talliques (180 KG)<br>Cubes (5-25 KG)<br>Bo\u00eetes en carton (15 KG)<\/p>\n\n\n\n<p><strong>Utilisations:<\/strong><br>Jus, boissons aux fruits, sodas, smoothies, glaces, yaourts, confitures, etc.<\/p>\n\n\n\n<a class=\"button\" href=\"https:\/\/www.derivadoscitricos.com\/fr\/contact\/\" >Demander plus d\u2019informations<span class=\"arrow_icon\"><span><\/a>\n\n\t\t\t<\/div>\n\t\t<div class=\"col-12 col-xl-1\"><\/div>\n\t<\/div>\n<\/div>\n\n\t<\/div>\n\n\n\n\t<div class=\"column col-12 col-md-3 col-xl-3\">\n\t\t\n\n<h3 class=\"wp-block-heading\" id=\"solo-trabajamos-con-agricultores-locales-garantizando-de-esta-manera-el-origen-de-nuestros-productos-y-nuestro-compromiso-de-sostenibilidad\"><strong><strong>Nous travaillons uniquement avec des agriculteurs locaux, garantissant ainsi l\u2019origine de nos produits et notre engagement en faveur de la durabilit\u00e9.<\/strong><\/strong><\/h3>\n\n\n\n<h3 class=\"wp-block-heading\" id=\"si-necesita-un-producto-envase-distinto-no-dude-en-contactar-con-nosotros-e-intentaremos-ayudarle\"><strong><strong>Si vous avez besoin d\u2019un produit\/emballage diff\u00e9rent, n\u2019h\u00e9sitez pas \u00e0 nous contacter et nous essaierons de vous aider.<\/strong><\/strong><\/h3>\n\n\n\n<p><\/p>\n\n\n\t<\/div>\n\n\n\n\t<div class=\"column col-12 col-md-6 col-xl-2\">\n\t\t\n\t<\/div>\n\n\n\n\t<div class=\"column col-12 col-md-6 col-xl-4\">\n\t\t\n\t<\/div>\n\n\n\n\t<div class=\"column col-12 col-md-6 col-xl-4\">\n\t\t\n\t<\/div>\n\n\n<\/div>\n\n\t\t\t<\/div>\n\t<\/div>\n\n\n\n\n<div class=\"content bmb--xl\" >\n\t\t\t<div class=\"container\">\n\t\t\t\n\n<div class=\"row   \">\n\t\n\n\t<div class=\"column col-12 col-md-12 col-xl-6 gs-fade-up\">\n\t\t\n\n\n\t<div class=\"link\"> PRODUIT<\/div>\n\n\n\n\n\n<h2 class=\"wp-block-heading\" id=\"nuestras-marcas\"><strong>Nos marques<\/strong><\/h2>\n\n\n\n<p><\/p>\n\n\n\t<\/div>\n\n\n\n\t<div class=\"column col-xl-6\">\n\t\t\n\t<\/div>\n\n\n<\/div>\n\n\n<div class=\"row  bmt--md \">\n\t\n\n\t<div class=\"column col-12 col-md-6 col-xl-3 bmb--md gs-fade-up\">\n\t\t\n<div class=\"wp-block-image\">\n<figure class=\"aligncenter size-large is-resized\"><a href=\"https:\/\/www.solimon.com\/en\/\" target=\"_blank\" rel=\"noreferrer noopener\"><img decoding=\"async\" src=\"https:\/\/www.derivadoscitricos.com\/wp-content\/uploads\/2022\/04\/logo-solimon-fr.svg\" alt=\"\" class=\"wp-image-1612\" style=\"width:213px\"\/><\/a><\/figure>\n<\/div>\n\n\t<\/div>\n\n\n\n\t<div class=\"column col-12 col-md-6 col-xl-3 bmb--md gs-fade-up\">\n\t\t\n<div class=\"wp-block-image\">\n<figure class=\"aligncenter size-large is-resized\"><a href=\"https:\/\/www.solimon.com\/en\/limasol\/\" target=\"_blank\" rel=\"noreferrer noopener\"><img decoding=\"async\" src=\"https:\/\/www.derivadoscitricos.com\/wp-content\/uploads\/2022\/04\/logo-limasol-fr.svg\" alt=\"\" class=\"wp-image-1618\" style=\"width:213px\"\/><\/a><\/figure>\n<\/div>\n\n\t<\/div>\n\n\n\n\t<div class=\"column col-12 col-md-6 col-xl-3 bmb--md gs-fade-up\">\n\t\t\n<div class=\"wp-block-image\">\n<figure class=\"aligncenter size-large\"><a href=\"https:\/\/www.quicklemon.es\/fr\/\"><img loading=\"lazy\" decoding=\"async\" width=\"288\" height=\"66\" src=\"https:\/\/www.derivadoscitricos.com\/wp-content\/uploads\/2021\/10\/quicklemon.svg\" alt=\"\" class=\"wp-image-279\"\/><\/a><\/figure>\n<\/div>\n\n\t<\/div>\n\n\n\n\t<div class=\"column col-12 col-md-6 col-xl-3 bmb--md gs-fade-up\">\n\t\t\n<div class=\"wp-block-image\">\n<figure class=\"aligncenter size-large\"><a href=\"https:\/\/www.quicklemon.es\/fr\/quicklime\/\" target=\"_blank\" rel=\"noreferrer noopener\"><img loading=\"lazy\" decoding=\"async\" width=\"261\" height=\"66\" src=\"https:\/\/www.derivadoscitricos.com\/wp-content\/uploads\/2021\/10\/quicklime.svg\" alt=\"\" class=\"wp-image-280\"\/><\/a><\/figure>\n<\/div>\n\n\t<\/div>\n\n\n<\/div>\n\n\t\t\t<\/div>\n\t<\/div>\n\n","protected":false},"excerpt":{"rendered":"","protected":false},"author":7,"featured_media":0,"parent":0,"menu_order":0,"comment_status":"closed","ping_status":"closed","template":"","meta":{"_acf_changed":false,"footnotes":""},"class_list":["post-1510","page","type-page","status-publish","hentry"],"acf":[],"yoast_head":"<!-- This site is optimized with the Yoast SEO plugin v27.3 - https:\/\/yoast.com\/product\/yoast-seo-wordpress\/ -->\n<title>Produit - Derivados citricos<\/title>\n<meta name=\"robots\" content=\"index, follow, max-snippet:-1, max-image-preview:large, max-video-preview:-1\" \/>\n<link rel=\"canonical\" href=\"https:\/\/www.derivadoscitricos.com\/fr\/produit\/\" \/>\n<meta property=\"og:locale\" content=\"fr_FR\" \/>\n<meta property=\"og:type\" content=\"article\" \/>\n<meta property=\"og:title\" content=\"Produit - Derivados citricos\" \/>\n<meta property=\"og:url\" content=\"https:\/\/www.derivadoscitricos.com\/fr\/produit\/\" \/>\n<meta property=\"og:site_name\" content=\"Derivados citricos\" \/>\n<meta property=\"article:modified_time\" content=\"2025-06-23T11:29:16+00:00\" \/>\n<meta property=\"og:image\" content=\"https:\/\/www.derivadoscitricos.com\/wp-content\/uploads\/2022\/02\/derivados-pagina-producto-zumo-limon-2.jpg\" \/>\n<meta name=\"twitter:card\" content=\"summary_large_image\" \/>\n<meta name=\"twitter:label1\" content=\"Dur\u00e9e de lecture estim\u00e9e\" \/>\n\t<meta name=\"twitter:data1\" content=\"3 minutes\" \/>\n<script type=\"application\/ld+json\" class=\"yoast-schema-graph\">{\"@context\":\"https:\\\/\\\/schema.org\",\"@graph\":[{\"@type\":\"WebPage\",\"@id\":\"https:\\\/\\\/www.derivadoscitricos.com\\\/fr\\\/produit\\\/\",\"url\":\"https:\\\/\\\/www.derivadoscitricos.com\\\/fr\\\/produit\\\/\",\"name\":\"Produit - Derivados citricos\",\"isPartOf\":{\"@id\":\"https:\\\/\\\/www.derivadoscitricos.com\\\/fr\\\/#website\"},\"primaryImageOfPage\":{\"@id\":\"https:\\\/\\\/www.derivadoscitricos.com\\\/fr\\\/produit\\\/#primaryimage\"},\"image\":{\"@id\":\"https:\\\/\\\/www.derivadoscitricos.com\\\/fr\\\/produit\\\/#primaryimage\"},\"thumbnailUrl\":\"https:\\\/\\\/www.derivadoscitricos.com\\\/wp-content\\\/uploads\\\/2022\\\/02\\\/derivados-pagina-producto-zumo-limon-2.jpg\",\"datePublished\":\"2021-10-04T07:07:05+00:00\",\"dateModified\":\"2025-06-23T11:29:16+00:00\",\"breadcrumb\":{\"@id\":\"https:\\\/\\\/www.derivadoscitricos.com\\\/fr\\\/produit\\\/#breadcrumb\"},\"inLanguage\":\"fr-FR\",\"potentialAction\":[{\"@type\":\"ReadAction\",\"target\":[\"https:\\\/\\\/www.derivadoscitricos.com\\\/fr\\\/produit\\\/\"]}]},{\"@type\":\"ImageObject\",\"inLanguage\":\"fr-FR\",\"@id\":\"https:\\\/\\\/www.derivadoscitricos.com\\\/fr\\\/produit\\\/#primaryimage\",\"url\":\"https:\\\/\\\/www.derivadoscitricos.com\\\/wp-content\\\/uploads\\\/2022\\\/02\\\/derivados-pagina-producto-zumo-limon-2.jpg\",\"contentUrl\":\"https:\\\/\\\/www.derivadoscitricos.com\\\/wp-content\\\/uploads\\\/2022\\\/02\\\/derivados-pagina-producto-zumo-limon-2.jpg\"},{\"@type\":\"BreadcrumbList\",\"@id\":\"https:\\\/\\\/www.derivadoscitricos.com\\\/fr\\\/produit\\\/#breadcrumb\",\"itemListElement\":[{\"@type\":\"ListItem\",\"position\":1,\"name\":\"Portada\",\"item\":\"https:\\\/\\\/www.derivadoscitricos.com\\\/fr\\\/\"},{\"@type\":\"ListItem\",\"position\":2,\"name\":\"Produit\"}]},{\"@type\":\"WebSite\",\"@id\":\"https:\\\/\\\/www.derivadoscitricos.com\\\/fr\\\/#website\",\"url\":\"https:\\\/\\\/www.derivadoscitricos.com\\\/fr\\\/\",\"name\":\"Derivados citricos\",\"description\":\"\",\"potentialAction\":[{\"@type\":\"SearchAction\",\"target\":{\"@type\":\"EntryPoint\",\"urlTemplate\":\"https:\\\/\\\/www.derivadoscitricos.com\\\/fr\\\/?s={search_term_string}\"},\"query-input\":{\"@type\":\"PropertyValueSpecification\",\"valueRequired\":true,\"valueName\":\"search_term_string\"}}],\"inLanguage\":\"fr-FR\"}]}<\/script>\n<!-- \/ Yoast SEO plugin. -->","yoast_head_json":{"title":"Produit - Derivados citricos","robots":{"index":"index","follow":"follow","max-snippet":"max-snippet:-1","max-image-preview":"max-image-preview:large","max-video-preview":"max-video-preview:-1"},"canonical":"https:\/\/www.derivadoscitricos.com\/fr\/produit\/","og_locale":"fr_FR","og_type":"article","og_title":"Produit - Derivados citricos","og_url":"https:\/\/www.derivadoscitricos.com\/fr\/produit\/","og_site_name":"Derivados citricos","article_modified_time":"2025-06-23T11:29:16+00:00","og_image":[{"url":"https:\/\/www.derivadoscitricos.com\/wp-content\/uploads\/2022\/02\/derivados-pagina-producto-zumo-limon-2.jpg","type":"","width":"","height":""}],"twitter_card":"summary_large_image","twitter_misc":{"Dur\u00e9e de lecture estim\u00e9e":"3 minutes"},"schema":{"@context":"https:\/\/schema.org","@graph":[{"@type":"WebPage","@id":"https:\/\/www.derivadoscitricos.com\/fr\/produit\/","url":"https:\/\/www.derivadoscitricos.com\/fr\/produit\/","name":"Produit - Derivados citricos","isPartOf":{"@id":"https:\/\/www.derivadoscitricos.com\/fr\/#website"},"primaryImageOfPage":{"@id":"https:\/\/www.derivadoscitricos.com\/fr\/produit\/#primaryimage"},"image":{"@id":"https:\/\/www.derivadoscitricos.com\/fr\/produit\/#primaryimage"},"thumbnailUrl":"https:\/\/www.derivadoscitricos.com\/wp-content\/uploads\/2022\/02\/derivados-pagina-producto-zumo-limon-2.jpg","datePublished":"2021-10-04T07:07:05+00:00","dateModified":"2025-06-23T11:29:16+00:00","breadcrumb":{"@id":"https:\/\/www.derivadoscitricos.com\/fr\/produit\/#breadcrumb"},"inLanguage":"fr-FR","potentialAction":[{"@type":"ReadAction","target":["https:\/\/www.derivadoscitricos.com\/fr\/produit\/"]}]},{"@type":"ImageObject","inLanguage":"fr-FR","@id":"https:\/\/www.derivadoscitricos.com\/fr\/produit\/#primaryimage","url":"https:\/\/www.derivadoscitricos.com\/wp-content\/uploads\/2022\/02\/derivados-pagina-producto-zumo-limon-2.jpg","contentUrl":"https:\/\/www.derivadoscitricos.com\/wp-content\/uploads\/2022\/02\/derivados-pagina-producto-zumo-limon-2.jpg"},{"@type":"BreadcrumbList","@id":"https:\/\/www.derivadoscitricos.com\/fr\/produit\/#breadcrumb","itemListElement":[{"@type":"ListItem","position":1,"name":"Portada","item":"https:\/\/www.derivadoscitricos.com\/fr\/"},{"@type":"ListItem","position":2,"name":"Produit"}]},{"@type":"WebSite","@id":"https:\/\/www.derivadoscitricos.com\/fr\/#website","url":"https:\/\/www.derivadoscitricos.com\/fr\/","name":"Derivados citricos","description":"","potentialAction":[{"@type":"SearchAction","target":{"@type":"EntryPoint","urlTemplate":"https:\/\/www.derivadoscitricos.com\/fr\/?s={search_term_string}"},"query-input":{"@type":"PropertyValueSpecification","valueRequired":true,"valueName":"search_term_string"}}],"inLanguage":"fr-FR"}]}},"_links":{"self":[{"href":"https:\/\/www.derivadoscitricos.com\/fr\/wp-json\/wp\/v2\/pages\/1510","targetHints":{"allow":["GET"]}}],"collection":[{"href":"https:\/\/www.derivadoscitricos.com\/fr\/wp-json\/wp\/v2\/pages"}],"about":[{"href":"https:\/\/www.derivadoscitricos.com\/fr\/wp-json\/wp\/v2\/types\/page"}],"author":[{"embeddable":true,"href":"https:\/\/www.derivadoscitricos.com\/fr\/wp-json\/wp\/v2\/users\/7"}],"replies":[{"embeddable":true,"href":"https:\/\/www.derivadoscitricos.com\/fr\/wp-json\/wp\/v2\/comments?post=1510"}],"version-history":[{"count":12,"href":"https:\/\/www.derivadoscitricos.com\/fr\/wp-json\/wp\/v2\/pages\/1510\/revisions"}],"predecessor-version":[{"id":2415,"href":"https:\/\/www.derivadoscitricos.com\/fr\/wp-json\/wp\/v2\/pages\/1510\/revisions\/2415"}],"wp:attachment":[{"href":"https:\/\/www.derivadoscitricos.com\/fr\/wp-json\/wp\/v2\/media?parent=1510"}],"curies":[{"name":"wp","href":"https:\/\/api.w.org\/{rel}","templated":true}]}}