{"id":1534,"date":"2021-10-04T07:07:44","date_gmt":"2021-10-04T07:07:44","guid":{"rendered":"https:\/\/www.derivadoscitricos.com\/contacto\/"},"modified":"2022-04-01T10:33:25","modified_gmt":"2022-04-01T10:33:25","slug":"contact","status":"publish","type":"page","link":"https:\/\/www.derivadoscitricos.com\/fr\/contact\/","title":{"rendered":"Contact"},"content":{"rendered":"\n<div class=\"content bmb--md\" >\n\t\t\t\n<div class=\"page_header\">\n\t<div class=\"page_header__bg\">\n\t\t<img decoding=\"async\" src=\"https:\/\/www.derivadoscitricos.com\/wp-content\/uploads\/2021\/10\/contacto.jpg\">\n\t<\/div>\n\n\t<div class=\"page_header__title\">\n\t\t\n\t<\/div>\n\n<\/div>\n\n\t<\/div>\n\n\n\n\n<div class=\"content bmb--md\" >\n\t\t\t<div class=\"container\">\n\t\t\t\n\n<div class=\"row   \">\n\t\n\n\t<div class=\"column col-12 col-md-12 col-xl-3\">\n\t\t\n\t<\/div>\n\n\n\n\t<div class=\"column col-12 col-md-12 col-xl-6\">\n\t\t\n\n<h1 class=\"has-text-align-center wp-block-heading\" id=\"contacto\">Contact<\/h1>\n\n\n\t<\/div>\n\n\n\n\t<div class=\"column col-12 col-md-12 col-xl-3\">\n\t\t\n\t<\/div>\n\n\n<\/div>\n\n\t\t\t<\/div>\n\t<\/div>\n\n\n\n\n<div class=\"content bmb--xl gs-fade-up\" >\n\t\t\t<div class=\"container\">\n\t\t\t\n\n<div class=\"row   \">\n\t\n\n\t<div class=\"column col-12 col-md-12 col-xl-6 bmb--xs\">\n\t\t\n\n\n\t<div class=\"link\"> Contact<\/div>\n\n\n\n\n\n<h2 class=\"wp-block-heading\" id=\"escribenos\">\u00c9crivez-nous<\/h2>\n\n\n\n<div class=\"wpcf7 no-js\" id=\"wpcf7-f1541-o1\" lang=\"es-ES\" dir=\"ltr\" data-wpcf7-id=\"1541\">\n<div class=\"screen-reader-response\"><p role=\"status\" aria-live=\"polite\" aria-atomic=\"true\"><\/p> <ul><\/ul><\/div>\n<form action=\"\/fr\/wp-json\/wp\/v2\/pages\/1534#wpcf7-f1541-o1\" method=\"post\" class=\"wpcf7-form init\" aria-label=\"Formulario de contacto\" novalidate=\"novalidate\" data-status=\"init\">\n<fieldset class=\"hidden-fields-container\"><input type=\"hidden\" name=\"_wpcf7\" value=\"1541\" \/><input type=\"hidden\" name=\"_wpcf7_version\" value=\"6.1.5\" \/><input type=\"hidden\" name=\"_wpcf7_locale\" value=\"es_ES\" \/><input type=\"hidden\" name=\"_wpcf7_unit_tag\" value=\"wpcf7-f1541-o1\" \/><input type=\"hidden\" name=\"_wpcf7_container_post\" value=\"0\" \/><input type=\"hidden\" name=\"_wpcf7_posted_data_hash\" value=\"\" \/><input type=\"hidden\" name=\"_wpcf7_recaptcha_response\" value=\"\" \/>\n<\/fieldset>\n<div class=\"forms\">\n\t<div class=\"forms__row\">\n\t\t<div class=\"wpcf7-response-output\" aria-hidden=\"true\"><\/div>\n\t<\/div>\n\t<div class=\"forms__row\">\n\t\t<span class=\"wpcf7-form-control-wrap\" data-name=\"nombre\"><input size=\"40\" maxlength=\"400\" class=\"wpcf7-form-control wpcf7-text wpcf7-validates-as-required\" aria-required=\"true\" aria-invalid=\"false\" placeholder=\"Nom *\" value=\"\" type=\"text\" name=\"nombre\" \/><\/span>\n\t<\/div>\n\t<div class=\"forms__row\">\n\t\t<span class=\"wpcf7-form-control-wrap\" data-name=\"empresa\"><input size=\"40\" maxlength=\"400\" class=\"wpcf7-form-control wpcf7-text\" aria-invalid=\"false\" placeholder=\"Entreprise\" value=\"\" type=\"text\" name=\"empresa\" \/><\/span>\n\t<\/div>\n\t<div class=\"forms__row\">\n\t\t<span class=\"wpcf7-form-control-wrap\" data-name=\"correo\"><input size=\"40\" maxlength=\"400\" class=\"wpcf7-form-control wpcf7-email wpcf7-validates-as-required wpcf7-text wpcf7-validates-as-email\" aria-required=\"true\" aria-invalid=\"false\" placeholder=\"Courrier \u00e9lectronique *\" value=\"\" type=\"email\" name=\"correo\" \/><\/span>\n\t<\/div>\n\t<div class=\"forms__row\">\n\t\t<span class=\"wpcf7-form-control-wrap\" data-name=\"asunto\"><textarea cols=\"40\" rows=\"10\" maxlength=\"2000\" class=\"wpcf7-form-control wpcf7-textarea wpcf7-validates-as-required\" aria-required=\"true\" aria-invalid=\"false\" placeholder=\"Objet *\" name=\"asunto\"><\/textarea><\/span>\n\t<\/div>\n\t<div class=\"forms__row\">\n\t\t<div class=\"row\">\n\t\t\t<div class=\"col-12 col-xl-3\">\n\t\t\t\t<button type=\"submit\" class=\"wpcf7-form-control wpcf7-submit\">envoyer<span class=\"submit__icon\"><\/span><\/button>\n\t\t\t\t\n\t\t\t<\/div>\n\t\t\t<div class=\"col-12 col-xl-9\">\n\t\t\t\t<div class=\"row \">\n\t\t\t\t\t<div class=\"col-12 forms__aceptance \">\n\t\t\t\t\t\t<span class=\"wpcf7-form-control-wrap\" data-name=\"politica\"><span class=\"wpcf7-form-control wpcf7-acceptance\"><span class=\"wpcf7-list-item\"><input type=\"checkbox\" name=\"politica\" value=\"1\" aria-invalid=\"false\" \/><\/span><\/span><\/span> J\u2019ai lu et j\u2019accepte la politique de confidentialit\u00e9.\n\t\t\t\t\t<\/div>\n\t\t\t\t<\/div>\n\t\t\t\t<div class=\"row forms__obliga\">\n\t\t\t\t\t<div class=\"col-12 \">\n\t\t\t\t\t\t*Tous les champs sont obligatoires\n\t\t\t\t\t<\/div>\n\t\t\t\t<\/div>\n\t\t\t<\/div>\n\t\t<\/div>\n\t<\/div>\n\t<div class=\"forms__row forms__politics\">\n\t\t<p>\n\t\t\tResponsable: \u00ab DERIVADOS CITRICOS \u00bb S. A. C. I. F. : A30 120 778. Adresse postale: Zone Industrielle Ouest. Avda. De las Am\u00e9ricas Parcelle 5\/16. 30 820 Alcantarilla, Murcie. T\u00e9l\u00e9phone: 968 808 000. Courrier \u00e9lectronique: info@derivadoscitricos.com<br><br>\n\t\n\t\t\t\u00abNous traitons les informations que vous nous fournissez afin de r\u00e9pondre \u00e0 votre demande et de rester en contact avec vous. Les donn\u00e9es fournies seront conserv\u00e9es jusqu\u2019\u00e0 ce que vous demandiez la cessation de l\u2019activit\u00e9. Les donn\u00e9es ne seront pas transmises \u00e0 des tiers sauf en cas d\u2019obligation l\u00e9gale. Vous avez le droit d\u2019obtenir la confirmation de si nous traitons vos donn\u00e9es personnelles chez \u00ab DERIVADOS CITRICOS \u00bb. Vous avez donc le droit d\u2019acc\u00e9der \u00e0 vos donn\u00e9es personnelles, de rectifier les donn\u00e9es inexactes ou de demander leurs suppressions lorsque les donn\u00e9es ne sont plus n\u00e9cessaires en vue desquelles elles ont \u00e9t\u00e9 collect\u00e9es.\u00bb\n\n\n\t\t<\/p>\n\t<\/div>\n<\/div><p style=\"display: none !important;\" class=\"akismet-fields-container\" data-prefix=\"_wpcf7_ak_\"><label>&#916;<textarea name=\"_wpcf7_ak_hp_textarea\" cols=\"45\" rows=\"8\" maxlength=\"100\"><\/textarea><\/label><input type=\"hidden\" id=\"ak_js_1\" name=\"_wpcf7_ak_js\" value=\"96\"\/><script type=\"text\/javascript\">\n\/* <![CDATA[ *\/\ndocument.getElementById( \"ak_js_1\" ).setAttribute( \"value\", ( new Date() ).getTime() );\n\/* ]]> *\/\n<\/script>\n<\/p>\n<\/form>\n<\/div>\n\n\n\n\t<\/div>\n\n\n\n\t<div class=\"column col-12 col-md-12 col-xl-6\">\n\t\t\n\n\n\t<div class=\"link\"> Contact<\/div>\n\n\n\n\n\n<h2 class=\"wp-block-heading\" id=\"trabaja-con-nosotros\">Travaille avec nous<\/h2>\n\n\n\n<div class=\"wpcf7 no-js\" id=\"wpcf7-f1542-o2\" lang=\"es-ES\" dir=\"ltr\" data-wpcf7-id=\"1542\">\n<div class=\"screen-reader-response\"><p role=\"status\" aria-live=\"polite\" aria-atomic=\"true\"><\/p> <ul><\/ul><\/div>\n<form action=\"\/fr\/wp-json\/wp\/v2\/pages\/1534#wpcf7-f1542-o2\" method=\"post\" class=\"wpcf7-form init\" aria-label=\"Formulario de contacto\" enctype=\"multipart\/form-data\" novalidate=\"novalidate\" data-status=\"init\">\n<fieldset class=\"hidden-fields-container\"><input type=\"hidden\" name=\"_wpcf7\" value=\"1542\" \/><input type=\"hidden\" name=\"_wpcf7_version\" value=\"6.1.5\" \/><input type=\"hidden\" name=\"_wpcf7_locale\" value=\"es_ES\" \/><input type=\"hidden\" name=\"_wpcf7_unit_tag\" value=\"wpcf7-f1542-o2\" \/><input type=\"hidden\" name=\"_wpcf7_container_post\" value=\"0\" \/><input type=\"hidden\" name=\"_wpcf7_posted_data_hash\" value=\"\" \/><input type=\"hidden\" name=\"_wpcf7_recaptcha_response\" value=\"\" \/>\n<\/fieldset>\n<div class=\"forms\">\n\t<div class=\"forms__row\">\n\t\t<div class=\"wpcf7-response-output\" aria-hidden=\"true\"><\/div>\n\t<\/div>\n\t<div class=\"forms__row\">\n\t\t<span class=\"wpcf7-form-control-wrap\" data-name=\"nombre\"><input size=\"40\" maxlength=\"400\" class=\"wpcf7-form-control wpcf7-text wpcf7-validates-as-required\" aria-required=\"true\" aria-invalid=\"false\" placeholder=\"Nom *\" value=\"\" type=\"text\" name=\"nombre\" \/><\/span>\n\t<\/div>\n\t<div class=\"forms__row\">\n\t\t<span class=\"wpcf7-form-control-wrap\" data-name=\"telefono\"><input size=\"40\" maxlength=\"400\" class=\"wpcf7-form-control wpcf7-text\" aria-invalid=\"false\" placeholder=\"T\u00e9l\u00e9phone\" value=\"\" type=\"text\" name=\"telefono\" \/><\/span>\n\t<\/div>\n\t<div class=\"forms__row\">\n\t\t<span class=\"wpcf7-form-control-wrap\" data-name=\"correo\"><input size=\"40\" maxlength=\"400\" class=\"wpcf7-form-control wpcf7-email wpcf7-validates-as-required wpcf7-text wpcf7-validates-as-email\" aria-required=\"true\" aria-invalid=\"false\" placeholder=\"Courrier \u00e9lectronique *\" value=\"\" type=\"email\" name=\"correo\" \/><\/span>\n\t<\/div>\n\t<div class=\"forms__row\">\n                <span class=\"wpcf7-form-control-wrap\" data-name=\"adjunto\"><input size=\"40\" class=\"wpcf7-form-control wpcf7-file\" accept=\".txt,.doc,.pdf,.docx\" aria-invalid=\"false\" type=\"file\" name=\"adjunto\" \/><\/span>\n\t<\/div>\n\t<div class=\"forms__row\">\n\t\t<span class=\"wpcf7-form-control-wrap\" data-name=\"asunto\"><textarea cols=\"40\" rows=\"10\" maxlength=\"2000\" class=\"wpcf7-form-control wpcf7-textarea wpcf7-validates-as-required\" aria-required=\"true\" aria-invalid=\"false\" placeholder=\"Objet *\" name=\"asunto\"><\/textarea><\/span>\n\t<\/div>\n\t<div class=\"forms__row\">\n\t\t<div class=\"row\">\n\t\t\t<div class=\"col-12 col-xl-3\">\n\t\t\t\t<button type=\"submit\" class=\"wpcf7-form-control wpcf7-submit\">envoyer<span class=\"submit__icon\"><\/span><\/button>\n\t\t\t\t\n\t\t\t<\/div>\n\t\t\t<div class=\"col-12 col-xl-9\">\n\t\t\t\t<div class=\"row \">\n\t\t\t\t\t<div class=\"col-12 forms__aceptance\">\n\t\t\t\t\t\t<span class=\"wpcf7-form-control-wrap\" data-name=\"politica\"><span class=\"wpcf7-form-control wpcf7-acceptance\"><span class=\"wpcf7-list-item\"><input type=\"checkbox\" name=\"politica\" value=\"1\" aria-invalid=\"false\" \/><\/span><\/span><\/span> J\u2019ai lu et j\u2019accepte la politique de confidentialit\u00e9.\n\t\t\t\t\t<\/div>\n\t\t\t\t<\/div>\n\t\t\t\t<div class=\"row forms__obliga\">\n\t\t\t\t\t<div class=\"col-12 \">\n\t\t\t\t\t\t* Tous les champs sont obligatoires\n\t\t\t\t\t<\/div>\n\t\t\t\t<\/div>\n\t\t\t<\/div>\n\t\t<\/div>\n\t<\/div>\n\t<div class=\"forms__row forms__politics\">\n\t\t<p>\n\t\tResponsable: \u00ab DERIVADOS CITRICOS \u00bb S. A. C. I. F. : A30 120 778. Adresse postale: Zone Industrielle Ouest. Avda. De las Am\u00e9ricas Parcelle 5\/16. 30 820 Alcantarilla, Murcie. T\u00e9l\u00e9phone: 968 808 000. Courrier \u00e9lectronique: info@derivadoscitricos.com<br><br>\n\n\t\t\u00abNous traitons l\u2019information que vous nous fournissez afin de vous tenir inform\u00e9 des diff\u00e9rentes offres d\u2019emploi au sein de notre organisation. Les donn\u00e9es fournies seront conserv\u00e9es jusqu\u2019\u00e0 l\u2019attribution d\u2019un poste ou jusqu\u2019\u00e0 ce que vous exerciez votre droit d\u2019annulation. Vous avez donc le droit d\u2019acc\u00e9der \u00e0 vos donn\u00e9es personnelles, de rectifier les donn\u00e9es inexactes ou de demander leurs suppressions lorsque les donn\u00e9es ne sont plus n\u00e9cessaires. Les donn\u00e9es ne seront pas transmises \u00e0 des tiers. \u00bb\n\n\t\t<\/p>\n\n\t<\/div>\n<\/div><p style=\"display: none !important;\" class=\"akismet-fields-container\" data-prefix=\"_wpcf7_ak_\"><label>&#916;<textarea name=\"_wpcf7_ak_hp_textarea\" cols=\"45\" rows=\"8\" maxlength=\"100\"><\/textarea><\/label><input type=\"hidden\" id=\"ak_js_2\" name=\"_wpcf7_ak_js\" value=\"116\"\/><script type=\"text\/javascript\">\n\/* <![CDATA[ *\/\ndocument.getElementById( \"ak_js_2\" ).setAttribute( \"value\", ( new Date() ).getTime() );\n\/* ]]> *\/\n<\/script>\n<\/p>\n<\/form>\n<\/div>\n\n\n\n\t<\/div>\n\n\n<\/div>\n\n\t\t\t<\/div>\n\t<\/div>\n\n\n\n\n<div class=\"content bmb--xl gs-reveal\" >\n\t\t\t\n<div class=\"gmap\">\n\t<p><iframe style=\"border: 0;\" src=\"https:\/\/www.google.com\/maps\/embed?pb=!1m14!1m8!1m3!1d25166.748348765617!2d-1.206071!3d37.957439!3m2!1i1024!2i768!4f13.1!3m3!1m2!1s0x0%3A0xa4e34b8104655d84!2sDerivados%20C%C3%ADtricos%20S.A.!5e0!3m2!1ses!2ses!4v1633521821413!5m2!1ses!2ses\" width=\"600\" height=\"450\" allowfullscreen=\"allowfullscreen\"><\/iframe><\/p>\n<\/div>\n\n\t<\/div>\n\n","protected":false},"excerpt":{"rendered":"","protected":false},"author":7,"featured_media":0,"parent":0,"menu_order":0,"comment_status":"closed","ping_status":"closed","template":"","meta":{"_acf_changed":false,"footnotes":""},"class_list":["post-1534","page","type-page","status-publish","hentry"],"acf":[],"yoast_head":"<!-- This site is optimized with the Yoast SEO plugin v27.4 - https:\/\/yoast.com\/product\/yoast-seo-wordpress\/ -->\n<title>Contact - Derivados citricos<\/title>\n<meta name=\"robots\" content=\"index, follow, max-snippet:-1, max-image-preview:large, max-video-preview:-1\" \/>\n<link rel=\"canonical\" href=\"https:\/\/www.derivadoscitricos.com\/fr\/contact\/\" \/>\n<meta property=\"og:locale\" content=\"fr_FR\" \/>\n<meta property=\"og:type\" content=\"article\" \/>\n<meta property=\"og:title\" content=\"Contact - Derivados citricos\" \/>\n<meta property=\"og:url\" content=\"https:\/\/www.derivadoscitricos.com\/fr\/contact\/\" \/>\n<meta property=\"og:site_name\" content=\"Derivados citricos\" \/>\n<meta property=\"article:modified_time\" content=\"2022-04-01T10:33:25+00:00\" \/>\n<meta name=\"twitter:card\" content=\"summary_large_image\" \/>\n<script type=\"application\/ld+json\" class=\"yoast-schema-graph\">{\"@context\":\"https:\\\/\\\/schema.org\",\"@graph\":[{\"@type\":\"WebPage\",\"@id\":\"https:\\\/\\\/www.derivadoscitricos.com\\\/fr\\\/contact\\\/\",\"url\":\"https:\\\/\\\/www.derivadoscitricos.com\\\/fr\\\/contact\\\/\",\"name\":\"Contact - Derivados citricos\",\"isPartOf\":{\"@id\":\"https:\\\/\\\/www.derivadoscitricos.com\\\/fr\\\/#website\"},\"datePublished\":\"2021-10-04T07:07:44+00:00\",\"dateModified\":\"2022-04-01T10:33:25+00:00\",\"breadcrumb\":{\"@id\":\"https:\\\/\\\/www.derivadoscitricos.com\\\/fr\\\/contact\\\/#breadcrumb\"},\"inLanguage\":\"fr-FR\",\"potentialAction\":[{\"@type\":\"ReadAction\",\"target\":[\"https:\\\/\\\/www.derivadoscitricos.com\\\/fr\\\/contact\\\/\"]}]},{\"@type\":\"BreadcrumbList\",\"@id\":\"https:\\\/\\\/www.derivadoscitricos.com\\\/fr\\\/contact\\\/#breadcrumb\",\"itemListElement\":[{\"@type\":\"ListItem\",\"position\":1,\"name\":\"Portada\",\"item\":\"https:\\\/\\\/www.derivadoscitricos.com\\\/fr\\\/\"},{\"@type\":\"ListItem\",\"position\":2,\"name\":\"Contact\"}]},{\"@type\":\"WebSite\",\"@id\":\"https:\\\/\\\/www.derivadoscitricos.com\\\/fr\\\/#website\",\"url\":\"https:\\\/\\\/www.derivadoscitricos.com\\\/fr\\\/\",\"name\":\"Derivados citricos\",\"description\":\"\",\"potentialAction\":[{\"@type\":\"SearchAction\",\"target\":{\"@type\":\"EntryPoint\",\"urlTemplate\":\"https:\\\/\\\/www.derivadoscitricos.com\\\/fr\\\/?s={search_term_string}\"},\"query-input\":{\"@type\":\"PropertyValueSpecification\",\"valueRequired\":true,\"valueName\":\"search_term_string\"}}],\"inLanguage\":\"fr-FR\"}]}<\/script>\n<!-- \/ Yoast SEO plugin. -->","yoast_head_json":{"title":"Contact - Derivados citricos","robots":{"index":"index","follow":"follow","max-snippet":"max-snippet:-1","max-image-preview":"max-image-preview:large","max-video-preview":"max-video-preview:-1"},"canonical":"https:\/\/www.derivadoscitricos.com\/fr\/contact\/","og_locale":"fr_FR","og_type":"article","og_title":"Contact - Derivados citricos","og_url":"https:\/\/www.derivadoscitricos.com\/fr\/contact\/","og_site_name":"Derivados citricos","article_modified_time":"2022-04-01T10:33:25+00:00","twitter_card":"summary_large_image","schema":{"@context":"https:\/\/schema.org","@graph":[{"@type":"WebPage","@id":"https:\/\/www.derivadoscitricos.com\/fr\/contact\/","url":"https:\/\/www.derivadoscitricos.com\/fr\/contact\/","name":"Contact - Derivados citricos","isPartOf":{"@id":"https:\/\/www.derivadoscitricos.com\/fr\/#website"},"datePublished":"2021-10-04T07:07:44+00:00","dateModified":"2022-04-01T10:33:25+00:00","breadcrumb":{"@id":"https:\/\/www.derivadoscitricos.com\/fr\/contact\/#breadcrumb"},"inLanguage":"fr-FR","potentialAction":[{"@type":"ReadAction","target":["https:\/\/www.derivadoscitricos.com\/fr\/contact\/"]}]},{"@type":"BreadcrumbList","@id":"https:\/\/www.derivadoscitricos.com\/fr\/contact\/#breadcrumb","itemListElement":[{"@type":"ListItem","position":1,"name":"Portada","item":"https:\/\/www.derivadoscitricos.com\/fr\/"},{"@type":"ListItem","position":2,"name":"Contact"}]},{"@type":"WebSite","@id":"https:\/\/www.derivadoscitricos.com\/fr\/#website","url":"https:\/\/www.derivadoscitricos.com\/fr\/","name":"Derivados citricos","description":"","potentialAction":[{"@type":"SearchAction","target":{"@type":"EntryPoint","urlTemplate":"https:\/\/www.derivadoscitricos.com\/fr\/?s={search_term_string}"},"query-input":{"@type":"PropertyValueSpecification","valueRequired":true,"valueName":"search_term_string"}}],"inLanguage":"fr-FR"}]}},"_links":{"self":[{"href":"https:\/\/www.derivadoscitricos.com\/fr\/wp-json\/wp\/v2\/pages\/1534","targetHints":{"allow":["GET"]}}],"collection":[{"href":"https:\/\/www.derivadoscitricos.com\/fr\/wp-json\/wp\/v2\/pages"}],"about":[{"href":"https:\/\/www.derivadoscitricos.com\/fr\/wp-json\/wp\/v2\/types\/page"}],"author":[{"embeddable":true,"href":"https:\/\/www.derivadoscitricos.com\/fr\/wp-json\/wp\/v2\/users\/7"}],"replies":[{"embeddable":true,"href":"https:\/\/www.derivadoscitricos.com\/fr\/wp-json\/wp\/v2\/comments?post=1534"}],"version-history":[{"count":4,"href":"https:\/\/www.derivadoscitricos.com\/fr\/wp-json\/wp\/v2\/pages\/1534\/revisions"}],"predecessor-version":[{"id":1565,"href":"https:\/\/www.derivadoscitricos.com\/fr\/wp-json\/wp\/v2\/pages\/1534\/revisions\/1565"}],"wp:attachment":[{"href":"https:\/\/www.derivadoscitricos.com\/fr\/wp-json\/wp\/v2\/media?parent=1534"}],"curies":[{"name":"wp","href":"https:\/\/api.w.org\/{rel}","templated":true}]}}